{"id":556,"date":"2020-03-17T09:10:05","date_gmt":"2020-03-17T09:10:05","guid":{"rendered":"http:\/\/caralticonesa.com\/salud\/"},"modified":"2025-04-21T20:21:29","modified_gmt":"2025-04-21T20:21:29","slug":"salut","status":"publish","type":"page","link":"https:\/\/caralticonesa.com\/ca\/salut\/","title":{"rendered":"Salut"},"content":{"rendered":"<p>[vc_row][vc_column]\n\t\t\t<!-- START Salud 1 REVOLUTION SLIDER 6.1.3 --><p class=\"rs-p-wp-fix\"><\/p>\n\t\t\t<rs-module-wrap id=\"rev_slider_16_1_wrapper\" data-source=\"gallery\" style=\"background:transparent;padding:0;margin:0px auto;margin-top:0;margin-bottom:0;background-image:url(http:\/\/caralticonesa.com\/wp-content\/uploads\/2020\/03\/Intro1.png);background-repeat:no-repeat;background-size:cover;background-position:center center;\">\n\t\t\t\t<rs-module id=\"rev_slider_16_1\" style=\"display:none;\" data-version=\"6.1.3\">\n\t\t\t\t\t<rs-slides>\n\t\t\t\t\t\t<rs-slide data-key=\"rs-18\" data-title=\"Slide\" data-anim=\"ei:d;eo:d;s:1000;r:0;t:fade;sl:0;\">\n\t\t\t\t\t\t\t<img loading=\"lazy\" decoding=\"async\" src=\"\/\/caralticonesa.com\/wp-content\/uploads\/2020\/03\/Intro1.png\" title=\"Intro(1)\" width=\"1440\" height=\"200\" class=\"rev-slidebg\" data-no-retina>\n<!--\n\t\t\t\t\t\t\t--><rs-layer\n\t\t\t\t\t\t\t\tid=\"slider-16-slide-18-layer-0\" \n\t\t\t\t\t\t\t\tdata-type=\"text\"\n\t\t\t\t\t\t\t\tdata-color=\"#ffffff\"\n\t\t\t\t\t\t\t\tdata-rsp_ch=\"on\"\n\t\t\t\t\t\t\t\tdata-xy=\"x:c;y:c;\"\n\t\t\t\t\t\t\t\tdata-text=\"w:normal;s:45;l:55;\"\n\t\t\t\t\t\t\t\tdata-frame_999=\"o:0;st:w;\"\n\t\t\t\t\t\t\t\tstyle=\"z-index:5;font-family:Roboto;\"\n\t\t\t\t\t\t\t>Salut \n\t\t\t\t\t\t\t<\/rs-layer><!--\n\n\t\t\t\t\t\t\t--><a\n\t\t\t\t\t\t\t\tid=\"slider-16-slide-18-layer-1\" \n\t\t\t\t\t\t\t\tclass=\"rs-layer\"\n\t\t\t\t\t\t\t\thref=\"tel:972336708\" target=\"_self\" rel=\"nofollow\"\n\t\t\t\t\t\t\t\tdata-type=\"image\"\n\t\t\t\t\t\t\t\tdata-rsp_ch=\"on\"\n\t\t\t\t\t\t\t\tdata-xy=\"x:r;y:c;\"\n\t\t\t\t\t\t\t\tdata-text=\"w:normal;\"\n\t\t\t\t\t\t\t\tdata-dim=\"w:40px;h:40px;\"\n\t\t\t\t\t\t\t\tdata-frame_999=\"o:0;st:w;\"\n\t\t\t\t\t\t\t\tstyle=\"z-index:6;font-family:Roboto;\"\n\t\t\t\t\t\t\t><img loading=\"lazy\" decoding=\"async\" src=\"\/\/caralticonesa.com\/wp-content\/uploads\/2020\/03\/Group-8.png\" width=\"40\" height=\"40\" data-no-retina> \n\t\t\t\t\t\t\t<\/a><!--\n-->\t\t\t\t\t\t<\/rs-slide>\n\t\t\t\t\t<\/rs-slides>\n\t\t\t\t\t<rs-progress class=\"rs-bottom\" style=\"visibility: hidden !important;\"><\/rs-progress>\n\t\t\t\t<\/rs-module>\n\t\t\t\t<script type=\"text\/javascript\">\n\t\t\t\t\tsetREVStartSize({c: 'rev_slider_16_1',rl:[1240,1024,778,480],el:[200],gw:[1240],gh:[200],layout:'fullwidth',mh:\"0\"});\n\t\t\t\t\tvar\trevapi16,\n\t\t\t\t\t\ttpj;\n\t\t\t\t\tjQuery(function() {\n\t\t\t\t\t\ttpj = jQuery;\n\t\t\t\t\t\tif(tpj(\"#rev_slider_16_1\").revolution == undefined){\n\t\t\t\t\t\t\trevslider_showDoubleJqueryError(\"#rev_slider_16_1\");\n\t\t\t\t\t\t}else{\n\t\t\t\t\t\t\trevapi16 = tpj(\"#rev_slider_16_1\").show().revolution({\n\t\t\t\t\t\t\t\tjsFileLocation:\"\/\/caralticonesa.com\/wp-content\/plugins\/revslider\/public\/assets\/js\/\",\n\t\t\t\t\t\t\t\tsliderLayout:\"fullwidth\",\n\t\t\t\t\t\t\t\tvisibilityLevels:\"1240,1024,778,480\",\n\t\t\t\t\t\t\t\tgridwidth:1240,\n\t\t\t\t\t\t\t\tgridheight:200,\n\t\t\t\t\t\t\t\tminHeight:\"\",\n\t\t\t\t\t\t\t\tspinner:\"spinner0\",\n\t\t\t\t\t\t\t\teditorheight:\"200,768,960,720\",\n\t\t\t\t\t\t\t\tresponsiveLevels:\"1240,1024,778,480\",\n\t\t\t\t\t\t\t\tdisableProgressBar:\"on\",\n\t\t\t\t\t\t\t\tnavigation: {\n\t\t\t\t\t\t\t\t\tonHoverStop:false\n\t\t\t\t\t\t\t\t},\n\t\t\t\t\t\t\t\tfallbacks: {\n\t\t\t\t\t\t\t\t\tallowHTML5AutoPlayOnAndroid:true\n\t\t\t\t\t\t\t\t},\n\t\t\t\t\t\t\t});\n\t\t\t\t\t\t}\n\t\t\t\t\t\t\n\t\t\t\t\t});\n\t\t\t\t<\/script>\n\t\t\t<\/rs-module-wrap>\n\t\t\t<!-- END REVOLUTION SLIDER -->\n[\/vc_column][\/vc_row][vc_row css=&#8221;.vc_custom_1585062806515{margin-right: 5% !important;margin-left: 5% !important;}&#8221;][vc_column][vc_empty_space][vc_column_text el_class=&#8221;biggertext&#8221;]<\/p>\n<p style=\"text-align: center;\">Tenir cura de la nostra salut i de la dels qui ens envolten \u00e9s l&#8217;\u00fanic que ens assegura una millor qualitat de vida. El que ens permet gaudir en cada moment amb la tranquil\u00b7litat de saber que davant d&#8217;un imprevist, estem protegits.<\/p>\n<p>[\/vc_column_text][vc_empty_space][vc_btn title=&#8221;Cotitza aqu\u00ed&#8221; color=&#8221;success&#8221; align=&#8221;center&#8221; el_class=&#8221;btn-cotiza&#8221; link=&#8221;|||&#8221;][vc_empty_space][\/vc_column][\/vc_row][vc_row equal_height=&#8221;yes&#8221; el_class=&#8221;colorletras margenesverde&#8221; css=&#8221;.vc_custom_1596635870536{background-color: #f4f4f4 !important;}&#8221;][vc_column][vc_empty_space][vc_empty_space][\/vc_column][\/vc_row][vc_row equal_height=&#8221;yes&#8221; el_class=&#8221;imagenes&#8221; css=&#8221;.vc_custom_1596636111469{padding-right: 5% !important;padding-left: 5% !important;background-color: #f4f4f4 !important;}&#8221;][vc_column width=&#8221;1\/3&#8243; css=&#8221;.vc_custom_1596635852698{background-color: #ffffff !important;}&#8221;][vc_single_image image=&#8221;1314&#8243; img_size=&#8221;full&#8221; alignment=&#8221;center&#8221; onclick=&#8221;custom_link&#8221; link=&#8221;http:\/\/caralticonesa.com\/ca\/assegurances-salut\/familiar-i-personal\/&#8221;][vc_empty_space height=&#8221;30px&#8221;][vc_column_text el_class=&#8221;colorletrash2&#8243; css=&#8221;.vc_custom_1596636262420{padding-right: 15px !important;padding-left: 15px !important;}&#8221;]<\/p>\n<h2><a href=\"http:\/\/caralticonesa.com\/ca\/assegurances-salut\/familiar-i-personal\/\">Salut per families<\/a><\/h2>\n<p>[\/vc_column_text][vc_empty_space height=&#8221;30px&#8221;][\/vc_column][vc_column width=&#8221;1\/3&#8243; css=&#8221;.vc_custom_1596635857139{background-color: #ffffff !important;}&#8221;][vc_single_image image=&#8221;1315&#8243; img_size=&#8221;full&#8221; alignment=&#8221;center&#8221; onclick=&#8221;custom_link&#8221; link=&#8221;http:\/\/caralticonesa.com\/ca\/assegurances-autonoms\/assegurances-mediques\/&#8221;][vc_empty_space height=&#8221;30px&#8221;][vc_column_text el_class=&#8221;colorletrash2&#8243; css=&#8221;.vc_custom_1596636268289{padding-right: 15px !important;padding-left: 15px !important;}&#8221;]<\/p>\n<h2><a href=\"http:\/\/caralticonesa.com\/ca\/assegurances-autonoms\/assegurances-mediques\/\">Salut per aut\u00f2noms<\/a><\/h2>\n<p>[\/vc_column_text][vc_empty_space height=&#8221;30px&#8221;][\/vc_column][vc_column width=&#8221;1\/3&#8243; css=&#8221;.vc_custom_1596636245885{background-color: #ffffff !important;}&#8221;][vc_single_image image=&#8221;1316&#8243; img_size=&#8221;full&#8221; alignment=&#8221;center&#8221; onclick=&#8221;custom_link&#8221; link=&#8221;http:\/\/caralticonesa.com\/ca\/assegurances-empreses\/assegurances-mediques\/&#8221;][vc_empty_space height=&#8221;30px&#8221;][vc_column_text el_class=&#8221;colorletrash2&#8243; css=&#8221;.vc_custom_1596636273080{padding-right: 15px !important;padding-left: 15px !important;}&#8221;]<\/p>\n<h2><a href=\"http:\/\/caralticonesa.com\/ca\/assegurances-empreses\/assegurances-mediques\/\">Salut per empreses i colectius<\/a><\/h2>\n<p>[\/vc_column_text][vc_empty_space height=&#8221;30px&#8221;][\/vc_column][\/vc_row][vc_row equal_height=&#8221;yes&#8221; el_class=&#8221;colorletras margenesverde&#8221; css=&#8221;.vc_custom_1596635870536{background-color: #f4f4f4 !important;}&#8221;][vc_column][vc_empty_space][vc_empty_space][\/vc_column][\/vc_row][vc_row equal_height=&#8221;yes&#8221; content_placement=&#8221;middle&#8221;][vc_column width=&#8221;1\/2&#8243; el_class=&#8221;oficinavirtual nopaddingtop&#8221;][vc_single_image image=&#8221;383&#8243; img_size=&#8221;full&#8221; el_class=&#8221;fullimage&#8221;][\/vc_column][vc_column width=&#8221;1\/2&#8243; el_class=&#8221;espaciadovirtual nopaddingtop&#8221; css=&#8221;.vc_custom_1585064231011{padding-right: 15% !important;padding-left: 15% !important;}&#8221;][vc_column_text el_class=&#8221;h2virtual&#8221;]<\/p>\n<h2>Oficina Virtual<\/h2>\n<p>[\/vc_column_text][vc_empty_space height=&#8221;30px&#8221;][vc_column_text el_class=&#8221;textovirtual&#8221;]Aqu\u00ed es podr\u00e0, consultar qualsevol tema relacionat amb, les seves p\u00f2lisses, sinistres, rebuts o modificacions.<\/p>\n<p>Nom\u00e9s haur\u00e0 d&#8217;ingressar la informaci\u00f3 requerida i en un breu termini de temps ser\u00e0 resposta seva petici\u00f3[\/vc_column_text][vc_empty_space height=&#8221;30px&#8221;][vc_btn title=&#8221;Ingressar&#8221; style=&#8221;custom&#8221; custom_background=&#8221;#239846&#8243; custom_text=&#8221;#ffffff&#8221; align=&#8221;left&#8221; el_class=&#8221;oficinavritualbutton&#8221; link=&#8221;url:http%3A%2F%2Fcaralticonesa.com%2Fca%2Fcontacte%2F|title:Contacte||&#8221;][\/vc_column][\/vc_row][vc_row equal_height=&#8221;yes&#8221; el_class=&#8221;colorletras margenesverde&#8221;][vc_column width=&#8221;1\/2&#8243; css=&#8221;.vc_custom_1584437489269{background-color: #239846 !important;}&#8221;][vc_empty_space height=&#8221;30px&#8221;][vc_row_inner equal_height=&#8221;yes&#8221; content_placement=&#8221;middle&#8221; css=&#8221;.vc_custom_1585063522467{margin-right: 5% !important;margin-left: 5% !important;}&#8221; el_class=&#8221;nopaddingtop&#8221;][vc_column_inner width=&#8221;2\/12&#8243;][vc_single_image image=&#8221;393&#8243;][\/vc_column_inner][vc_column_inner width=&#8221;10\/12&#8243;][vc_column_text el_class=&#8221;colorletrash2&#8243;]<\/p>\n<h2>Quadre m\u00e8dic<\/h2>\n<p>[\/vc_column_text][\/vc_column_inner][\/vc_row_inner][vc_empty_space height=&#8221;20px&#8221;][vc_column_text css=&#8221;.vc_custom_1593173299820{margin-right: 6.5% !important;margin-left: 6.5% !important;}&#8221; el_class=&#8221;text&#8221;]L&#8217;assegurat t\u00e9 a la seva disposici\u00f3 un quadre m\u00e8dic a qu\u00e8 acudir\u00e0 lliurement, abonant l&#8217;entitat asseguradora els honoraris pactats amb els facultatius, hospitals i centres.<\/p>\n<p>Per a aquest tipus d&#8217;assegurances, l&#8217;entitat asseguradora no abona cap quantitat a l&#8217;assegurat, sin\u00f3 que presta els serveis esmentats anteriorment. \u00c9s per aix\u00f2 que es diu de l&#8217;Assist\u00e8ncia Sanit\u00e0ria que \u00e9s una asseguran\u00e7a de prestaci\u00f3 de serveis.[\/vc_column_text][vc_empty_space height=&#8221;20px&#8221;][vc_btn title=&#8221;Petici\u00f3 d&#8217;informaci\u00f3&#8221; style=&#8221;custom&#8221; custom_background=&#8221;rgba(255,255,255,0.01)&#8221; custom_text=&#8221;#ffffff&#8221; align=&#8221;left&#8221; css=&#8221;.vc_custom_1593173321024{margin-right: 6.5% !important;margin-left: 6.5% !important;}&#8221; el_class=&#8221;saludbutton text&#8221; link=&#8221;url:http%3A%2F%2Fcaralticonesa.com%2Fca%2Fcontacte%2F|title:Contacte||&#8221;][vc_empty_space height=&#8221;30px&#8221;][\/vc_column][vc_column width=&#8221;1\/2&#8243; css=&#8221;.vc_custom_1585063610962{background-color: #1e8846 !important;}&#8221;][vc_empty_space height=&#8221;30px&#8221;][vc_row_inner equal_height=&#8221;yes&#8221; content_placement=&#8221;middle&#8221; css=&#8221;.vc_custom_1585063529339{margin-right: 5% !important;margin-left: 5% !important;}&#8221; el_class=&#8221;nopaddingtop&#8221;][vc_column_inner width=&#8221;2\/12&#8243;][vc_single_image image=&#8221;397&#8243;][\/vc_column_inner][vc_column_inner width=&#8221;10\/12&#8243;][vc_column_text el_class=&#8221;colorletrash2&#8243;]<\/p>\n<h2>Reemborsament<\/h2>\n<p>[\/vc_column_text][\/vc_column_inner][\/vc_row_inner][vc_empty_space height=&#8221;20px&#8221;][vc_column_text css=&#8221;.vc_custom_1593173314946{margin-right: 6.5% !important;margin-left: 6.5% !important;}&#8221; el_class=&#8221;text&#8221;]L&#8217;assegurat pot escollir lliurement els professionals, fent-se c\u00e0rrec de les minutes i factures corresponents, que despr\u00e9s traslladar\u00e0 a l&#8217;entitat asseguradora perqu\u00e8 se&#8217;ls reemborsi fins al l\u00edmit fixat per a cada acte.<\/p>\n<p>En l&#8217;actualitat moltes p\u00f2lisses han establert un sistema mixt, ja que posen a disposici\u00f3 de l&#8217;assegurat un Quadre M\u00e8dic que poden utilitzar lliurement, per\u00f2 deixant la porta oberta a la possibilitat de reemborsament de despeses en cas que l&#8217;assegurat sigui assistit en un altre centre.[\/vc_column_text][vc_empty_space height=&#8221;20px&#8221;][vc_btn title=&#8221;Petici\u00f3 d&#8217;informaci\u00f3&#8221; style=&#8221;custom&#8221; custom_background=&#8221;rgba(255,255,255,0.01)&#8221; custom_text=&#8221;#ffffff&#8221; align=&#8221;left&#8221; css=&#8221;.vc_custom_1593173325121{margin-right: 6.5% !important;margin-left: 6.5% !important;}&#8221; el_class=&#8221;saludbutton text&#8221; link=&#8221;url:http%3A%2F%2Fcaralticonesa.com%2Fca%2Fcontacte%2F|title:La%20nostra%20Corredoria||&#8221;][vc_empty_space height=&#8221;30px&#8221;][\/vc_column][\/vc_row][vc_row][vc_column][vc_empty_space][vc_column_text css=&#8221;.vc_custom_1596636099911{padding-right: 5% !important;padding-left: 5% !important;}&#8221;]<\/p>\n<h2>Quadre m\u00e8dic<\/h2>\n<p>[\/vc_column_text][vc_empty_space]<div class=\"edgtf-clients-carousel-holder edgtf-cc-hover-switch-images\">\n\t<div class=\"edgtf-cc-inner edgtf-owl-slider\" data-number-of-items=\"6\" data-enable-loop=\"yes\" data-enable-autoplay=\"yes\" data-slider-speed=\"5000\" data-slider-speed-animation=\"600\" data-enable-navigation=\"yes\" data-enable-pagination=\"no\">\n\t\t<div class=\"edgtf-cc-item\">\n\t\t\t<a itemprop=\"url\" class=\"edgtf-cc-link edgtf-block-drag-link\" href=\"https:\/\/medicos.dkvseguros.com\/seguro-privado\" target=\"_blank\">\n\t\t\t\t\t\t<img decoding=\"async\" itemprop=\"image\" class=\"edgtf-cc-image\" src=\"https:\/\/caralticonesa.com\/wp-content\/uploads\/2020\/03\/Dise\u00f1o-sin-t\u00edtulo-16.png\" alt=\"\" \/>\n\t\t\t\t\t\t\t<img decoding=\"async\" itemprop=\"image\" class=\"edgtf-cc-hover-image\" src=\"https:\/\/caralticonesa.com\/wp-content\/uploads\/2020\/03\/Dise\u00f1o-sin-t\u00edtulo-16.png\" alt=\"\" \/>\n\t\t\t\t\t<\/a>\n\t<\/div><div class=\"edgtf-cc-item\">\n\t\t\t<a itemprop=\"url\" class=\"edgtf-cc-link edgtf-block-drag-link\" href=\"https:\/\/www.sanitas.es\/sanitas\/seguros\/es\/particulares\/medicosycentros\/cuadro-medico\/index.html#\/\" target=\"_blank\">\n\t\t\t\t\t\t<img decoding=\"async\" itemprop=\"image\" class=\"edgtf-cc-image\" src=\"https:\/\/caralticonesa.com\/wp-content\/uploads\/2020\/03\/Dise\u00f1o-sin-t\u00edtulo-20.png\" alt=\"\" \/>\n\t\t\t\t\t\t\t<img decoding=\"async\" itemprop=\"image\" class=\"edgtf-cc-hover-image\" src=\"https:\/\/caralticonesa.com\/wp-content\/uploads\/2020\/03\/Dise\u00f1o-sin-t\u00edtulo-20.png\" alt=\"\" \/>\n\t\t\t\t\t<\/a>\n\t<\/div><div class=\"edgtf-cc-item\">\n\t\t\t<a itemprop=\"url\" class=\"edgtf-cc-link edgtf-block-drag-link\" href=\"https:\/\/cuadromedico.de\/fiatc-privado\" target=\"_blank\">\n\t\t\t\t\t\t<img decoding=\"async\" itemprop=\"image\" class=\"edgtf-cc-image\" src=\"https:\/\/caralticonesa.com\/wp-content\/uploads\/2020\/03\/Dise\u00f1o-sin-t\u00edtulo-17.png\" alt=\"\" \/>\n\t\t\t\t\t\t\t<img decoding=\"async\" itemprop=\"image\" class=\"edgtf-cc-hover-image\" src=\"https:\/\/caralticonesa.com\/wp-content\/uploads\/2020\/03\/Dise\u00f1o-sin-t\u00edtulo-17.png\" alt=\"\" \/>\n\t\t\t\t\t<\/a>\n\t<\/div><div class=\"edgtf-cc-item\">\n\t\t\t<a itemprop=\"url\" class=\"edgtf-cc-link edgtf-block-drag-link\" href=\"https:\/\/www.axa.es\/cuadro-medico-salud\" target=\"_blank\">\n\t\t\t\t\t\t<img decoding=\"async\" itemprop=\"image\" class=\"edgtf-cc-image\" src=\"https:\/\/caralticonesa.com\/wp-content\/uploads\/2020\/03\/Dise\u00f1o-sin-t\u00edtulo-14.png\" alt=\"\" \/>\n\t\t\t\t\t\t\t<img decoding=\"async\" itemprop=\"image\" class=\"edgtf-cc-hover-image\" src=\"https:\/\/caralticonesa.com\/wp-content\/uploads\/2020\/03\/Dise\u00f1o-sin-t\u00edtulo-14.png\" alt=\"\" \/>\n\t\t\t\t\t<\/a>\n\t<\/div><div class=\"edgtf-cc-item\">\n\t\t\t<a itemprop=\"url\" class=\"edgtf-cc-link edgtf-block-drag-link\" href=\"https:\/\/www.generali.es\/cuadro-medico-premium\" target=\"_blank\">\n\t\t\t\t\t\t<img decoding=\"async\" itemprop=\"image\" class=\"edgtf-cc-image\" src=\"https:\/\/caralticonesa.com\/wp-content\/uploads\/2020\/07\/Dise\u00f1o-sin-t\u00edtulo-45.png\" alt=\"\" \/>\n\t\t\t\t\t\t\t<img decoding=\"async\" itemprop=\"image\" class=\"edgtf-cc-hover-image\" src=\"https:\/\/caralticonesa.com\/wp-content\/uploads\/2020\/07\/Dise\u00f1o-sin-t\u00edtulo-45.png\" alt=\"\" \/>\n\t\t\t\t\t<\/a>\n\t<\/div><div class=\"edgtf-cc-item\">\n\t\t\t<a itemprop=\"url\" class=\"edgtf-cc-link edgtf-block-drag-link\" href=\"https:\/\/buscador.asisa.es\/\" target=\"_blank\">\n\t\t\t\t\t\t<img decoding=\"async\" itemprop=\"image\" class=\"edgtf-cc-image\" src=\"https:\/\/caralticonesa.com\/wp-content\/uploads\/2020\/07\/Dise\u00f1o-sin-t\u00edtulo-43.png\" alt=\"\" \/>\n\t\t\t\t\t\t\t<img decoding=\"async\" itemprop=\"image\" class=\"edgtf-cc-hover-image\" src=\"https:\/\/caralticonesa.com\/wp-content\/uploads\/2020\/07\/Dise\u00f1o-sin-t\u00edtulo-43.png\" alt=\"\" \/>\n\t\t\t\t\t<\/a>\n\t<\/div><div class=\"edgtf-cc-item\">\n\t\t\t<a itemprop=\"url\" class=\"edgtf-cc-link edgtf-block-drag-link\" href=\"https:\/\/www.aegon.es\/cuadro-medico\" target=\"_blank\">\n\t\t\t\t\t\t<img decoding=\"async\" itemprop=\"image\" class=\"edgtf-cc-image\" src=\"https:\/\/caralticonesa.com\/wp-content\/uploads\/2020\/07\/image024.jpg\" alt=\"\" \/>\n\t\t\t\t\t\t\t<img decoding=\"async\" itemprop=\"image\" class=\"edgtf-cc-hover-image\" src=\"https:\/\/caralticonesa.com\/wp-content\/uploads\/2020\/07\/image024.jpg\" alt=\"\" \/>\n\t\t\t\t\t<\/a>\n\t<\/div><div class=\"edgtf-cc-item\">\n\t\t\t<a itemprop=\"url\" class=\"edgtf-cc-link edgtf-block-drag-link\" href=\"https:\/\/www.mapfre.es\/seguros\/Buscador.do?buscadores=%22oficinas,talleres,centrosMedicos,veterinarios%22&#038;activo=%22centrosMedicos%22\" target=\"_blank\">\n\t\t\t\t\t\t<img decoding=\"async\" itemprop=\"image\" class=\"edgtf-cc-image\" src=\"https:\/\/caralticonesa.com\/wp-content\/uploads\/2020\/03\/Dise\u00f1o-sin-t\u00edtulo-21.png\" alt=\"\" \/>\n\t\t\t\t\t\t\t<img decoding=\"async\" itemprop=\"image\" class=\"edgtf-cc-hover-image\" src=\"https:\/\/caralticonesa.com\/wp-content\/uploads\/2020\/03\/Dise\u00f1o-sin-t\u00edtulo-21.png\" alt=\"\" \/>\n\t\t\t\t\t<\/a>\n\t<\/div><div class=\"edgtf-cc-item\">\n\t\t\t<a itemprop=\"url\" class=\"edgtf-cc-link edgtf-block-drag-link\" href=\"https:\/\/www.mgc.es\/cuadro-medico\/\" target=\"_blank\">\n\t\t\t\t\t\t<img decoding=\"async\" itemprop=\"image\" class=\"edgtf-cc-image\" src=\"https:\/\/caralticonesa.com\/wp-content\/uploads\/2022\/12\/mgcmutua_h2_2t_online-300x164.png\" alt=\"\" \/>\n\t\t\t\t\t\t\t<img decoding=\"async\" itemprop=\"image\" class=\"edgtf-cc-hover-image\" src=\"https:\/\/caralticonesa.com\/wp-content\/uploads\/2022\/12\/mgcmutua_h2_2t_online-300x164.png\" alt=\"\" \/>\n\t\t\t\t\t<\/a>\n\t<\/div>\t<\/div>\n<\/div>[vc_empty_space][\/vc_column][\/vc_row]<\/p>\n","protected":false},"excerpt":{"rendered":"<p>[vc_row][vc_column][\/vc_column][\/vc_row][vc_row css=&#8221;.vc_custom_1585062806515{margin-right: 5% !important;margin-left: 5% !important;}&#8221;][vc_column][vc_empty_space][vc_column_text el_class=&#8221;biggertext&#8221;] Tenir cura de la nostra salut i de la dels qui ens envolten \u00e9s l&#8217;\u00fanic que ens assegura [&hellip;]<\/p>\n","protected":false},"author":1,"featured_media":506,"parent":0,"menu_order":0,"comment_status":"closed","ping_status":"closed","template":"full-width.php","meta":{"footnotes":""},"class_list":["post-556","page","type-page","status-publish","has-post-thumbnail","hentry"],"yoast_head":"<!-- This site is optimized with the Yoast SEO plugin v24.1 - https:\/\/yoast.com\/wordpress\/plugins\/seo\/ -->\n<title>Salut - Caralt i Conesa<\/title>\n<meta name=\"robots\" content=\"index, follow, max-snippet:-1, max-image-preview:large, max-video-preview:-1\" \/>\n<link rel=\"canonical\" href=\"https:\/\/caralticonesa.com\/ca\/salut\/\" \/>\n<meta property=\"og:locale\" content=\"ca_ES\" \/>\n<meta property=\"og:type\" content=\"article\" \/>\n<meta property=\"og:title\" content=\"Salut - Caralt i Conesa\" \/>\n<meta property=\"og:description\" content=\"[vc_row][vc_column][\/vc_column][\/vc_row][vc_row css=&#8221;.vc_custom_1585062806515{margin-right: 5% !important;margin-left: 5% !important;}&#8221;][vc_column][vc_empty_space][vc_column_text el_class=&#8221;biggertext&#8221;] Tenir cura de la nostra salut i de la dels qui ens envolten \u00e9s l&#8217;\u00fanic que ens assegura [&hellip;]\" \/>\n<meta property=\"og:url\" content=\"https:\/\/caralticonesa.com\/ca\/salut\/\" \/>\n<meta property=\"og:site_name\" content=\"Caralt i Conesa\" \/>\n<meta property=\"article:modified_time\" content=\"2025-04-21T20:21:29+00:00\" \/>\n<meta property=\"og:image\" content=\"https:\/\/caralticonesa.com\/wp-content\/uploads\/2020\/03\/Intro1.png\" \/>\n\t<meta property=\"og:image:width\" content=\"1440\" \/>\n\t<meta property=\"og:image:height\" content=\"200\" \/>\n\t<meta property=\"og:image:type\" content=\"image\/png\" \/>\n<meta name=\"twitter:card\" content=\"summary_large_image\" \/>\n<meta name=\"twitter:label1\" content=\"Temps estimat de lectura\" \/>\n\t<meta name=\"twitter:data1\" content=\"3 minuts\" \/>\n<script type=\"application\/ld+json\" class=\"yoast-schema-graph\">{\"@context\":\"https:\/\/schema.org\",\"@graph\":[{\"@type\":\"WebPage\",\"@id\":\"https:\/\/caralticonesa.com\/ca\/salut\/\",\"url\":\"https:\/\/caralticonesa.com\/ca\/salut\/\",\"name\":\"Salut - Caralt i Conesa\",\"isPartOf\":{\"@id\":\"https:\/\/caralticonesa.com\/#website\"},\"primaryImageOfPage\":{\"@id\":\"https:\/\/caralticonesa.com\/ca\/salut\/#primaryimage\"},\"image\":{\"@id\":\"https:\/\/caralticonesa.com\/ca\/salut\/#primaryimage\"},\"thumbnailUrl\":\"https:\/\/caralticonesa.com\/wp-content\/uploads\/2020\/03\/Intro1.png\",\"datePublished\":\"2020-03-17T09:10:05+00:00\",\"dateModified\":\"2025-04-21T20:21:29+00:00\",\"breadcrumb\":{\"@id\":\"https:\/\/caralticonesa.com\/ca\/salut\/#breadcrumb\"},\"inLanguage\":\"ca\",\"potentialAction\":[{\"@type\":\"ReadAction\",\"target\":[\"https:\/\/caralticonesa.com\/ca\/salut\/\"]}]},{\"@type\":\"ImageObject\",\"inLanguage\":\"ca\",\"@id\":\"https:\/\/caralticonesa.com\/ca\/salut\/#primaryimage\",\"url\":\"https:\/\/caralticonesa.com\/wp-content\/uploads\/2020\/03\/Intro1.png\",\"contentUrl\":\"https:\/\/caralticonesa.com\/wp-content\/uploads\/2020\/03\/Intro1.png\",\"width\":1440,\"height\":200},{\"@type\":\"BreadcrumbList\",\"@id\":\"https:\/\/caralticonesa.com\/ca\/salut\/#breadcrumb\",\"itemListElement\":[{\"@type\":\"ListItem\",\"position\":1,\"name\":\"Portada\",\"item\":\"https:\/\/caralticonesa.com\/ca\/\"},{\"@type\":\"ListItem\",\"position\":2,\"name\":\"Salut\"}]},{\"@type\":\"WebSite\",\"@id\":\"https:\/\/caralticonesa.com\/#website\",\"url\":\"https:\/\/caralticonesa.com\/\",\"name\":\"Caralt i Conesa\",\"description\":\"Otro sitio realizado con WordPress\",\"potentialAction\":[{\"@type\":\"SearchAction\",\"target\":{\"@type\":\"EntryPoint\",\"urlTemplate\":\"https:\/\/caralticonesa.com\/?s={search_term_string}\"},\"query-input\":{\"@type\":\"PropertyValueSpecification\",\"valueRequired\":true,\"valueName\":\"search_term_string\"}}],\"inLanguage\":\"ca\"}]}<\/script>\n<!-- \/ Yoast SEO plugin. -->","yoast_head_json":{"title":"Salut - Caralt i Conesa","robots":{"index":"index","follow":"follow","max-snippet":"max-snippet:-1","max-image-preview":"max-image-preview:large","max-video-preview":"max-video-preview:-1"},"canonical":"https:\/\/caralticonesa.com\/ca\/salut\/","og_locale":"ca_ES","og_type":"article","og_title":"Salut - Caralt i Conesa","og_description":"[vc_row][vc_column][\/vc_column][\/vc_row][vc_row css=&#8221;.vc_custom_1585062806515{margin-right: 5% !important;margin-left: 5% !important;}&#8221;][vc_column][vc_empty_space][vc_column_text el_class=&#8221;biggertext&#8221;] Tenir cura de la nostra salut i de la dels qui ens envolten \u00e9s l&#8217;\u00fanic que ens assegura [&hellip;]","og_url":"https:\/\/caralticonesa.com\/ca\/salut\/","og_site_name":"Caralt i Conesa","article_modified_time":"2025-04-21T20:21:29+00:00","og_image":[{"width":1440,"height":200,"url":"https:\/\/caralticonesa.com\/wp-content\/uploads\/2020\/03\/Intro1.png","type":"image\/png"}],"twitter_card":"summary_large_image","twitter_misc":{"Temps estimat de lectura":"3 minuts"},"schema":{"@context":"https:\/\/schema.org","@graph":[{"@type":"WebPage","@id":"https:\/\/caralticonesa.com\/ca\/salut\/","url":"https:\/\/caralticonesa.com\/ca\/salut\/","name":"Salut - Caralt i Conesa","isPartOf":{"@id":"https:\/\/caralticonesa.com\/#website"},"primaryImageOfPage":{"@id":"https:\/\/caralticonesa.com\/ca\/salut\/#primaryimage"},"image":{"@id":"https:\/\/caralticonesa.com\/ca\/salut\/#primaryimage"},"thumbnailUrl":"https:\/\/caralticonesa.com\/wp-content\/uploads\/2020\/03\/Intro1.png","datePublished":"2020-03-17T09:10:05+00:00","dateModified":"2025-04-21T20:21:29+00:00","breadcrumb":{"@id":"https:\/\/caralticonesa.com\/ca\/salut\/#breadcrumb"},"inLanguage":"ca","potentialAction":[{"@type":"ReadAction","target":["https:\/\/caralticonesa.com\/ca\/salut\/"]}]},{"@type":"ImageObject","inLanguage":"ca","@id":"https:\/\/caralticonesa.com\/ca\/salut\/#primaryimage","url":"https:\/\/caralticonesa.com\/wp-content\/uploads\/2020\/03\/Intro1.png","contentUrl":"https:\/\/caralticonesa.com\/wp-content\/uploads\/2020\/03\/Intro1.png","width":1440,"height":200},{"@type":"BreadcrumbList","@id":"https:\/\/caralticonesa.com\/ca\/salut\/#breadcrumb","itemListElement":[{"@type":"ListItem","position":1,"name":"Portada","item":"https:\/\/caralticonesa.com\/ca\/"},{"@type":"ListItem","position":2,"name":"Salut"}]},{"@type":"WebSite","@id":"https:\/\/caralticonesa.com\/#website","url":"https:\/\/caralticonesa.com\/","name":"Caralt i Conesa","description":"Otro sitio realizado con WordPress","potentialAction":[{"@type":"SearchAction","target":{"@type":"EntryPoint","urlTemplate":"https:\/\/caralticonesa.com\/?s={search_term_string}"},"query-input":{"@type":"PropertyValueSpecification","valueRequired":true,"valueName":"search_term_string"}}],"inLanguage":"ca"}]}},"_links":{"self":[{"href":"https:\/\/caralticonesa.com\/ca\/wp-json\/wp\/v2\/pages\/556"}],"collection":[{"href":"https:\/\/caralticonesa.com\/ca\/wp-json\/wp\/v2\/pages"}],"about":[{"href":"https:\/\/caralticonesa.com\/ca\/wp-json\/wp\/v2\/types\/page"}],"author":[{"embeddable":true,"href":"https:\/\/caralticonesa.com\/ca\/wp-json\/wp\/v2\/users\/1"}],"replies":[{"embeddable":true,"href":"https:\/\/caralticonesa.com\/ca\/wp-json\/wp\/v2\/comments?post=556"}],"version-history":[{"count":4,"href":"https:\/\/caralticonesa.com\/ca\/wp-json\/wp\/v2\/pages\/556\/revisions"}],"predecessor-version":[{"id":3005,"href":"https:\/\/caralticonesa.com\/ca\/wp-json\/wp\/v2\/pages\/556\/revisions\/3005"}],"wp:featuredmedia":[{"embeddable":true,"href":"https:\/\/caralticonesa.com\/ca\/wp-json\/wp\/v2\/media\/506"}],"wp:attachment":[{"href":"https:\/\/caralticonesa.com\/ca\/wp-json\/wp\/v2\/media?parent=556"}],"curies":[{"name":"wp","href":"https:\/\/api.w.org\/{rel}","templated":true}]}}