{"id":1791,"date":"2020-08-13T10:22:59","date_gmt":"2020-08-13T10:22:59","guid":{"rendered":"http:\/\/caralticonesa.com\/?page_id=1791"},"modified":"2020-08-13T10:32:52","modified_gmt":"2020-08-13T10:32:52","slug":"assegurances-multirisc","status":"publish","type":"page","link":"https:\/\/caralticonesa.com\/ca\/assegurances-autonoms\/assegurances-multirisc\/","title":{"rendered":"ASSEGURANCES MULTIRISC PER AUTONMOS I MICROEMPRESES"},"content":{"rendered":"<p>[vc_row][vc_column]\n\t\t\t<!-- START multiriesgo 11 REVOLUTION SLIDER 6.1.3 --><p class=\"rs-p-wp-fix\"><\/p>\n\t\t\t<rs-module-wrap id=\"rev_slider_70_1_wrapper\" data-source=\"gallery\" style=\"background:transparent;padding:0;margin:0px auto;margin-top:0;margin-bottom:0;background-image:url(http:\/\/caralticonesa.com\/wp-content\/uploads\/2020\/03\/Intro-1-1.png);background-repeat:no-repeat;background-size:cover;background-position:center center;\">\n\t\t\t\t<rs-module id=\"rev_slider_70_1\" style=\"display:none;\" data-version=\"6.1.3\">\n\t\t\t\t\t<rs-slides>\n\t\t\t\t\t\t<rs-slide data-key=\"rs-72\" data-title=\"Slide\" data-anim=\"ei:d;eo:d;s:1000;r:0;t:fade;sl:0;\">\n\t\t\t\t\t\t\t<img loading=\"lazy\" decoding=\"async\" src=\"\/\/caralticonesa.com\/wp-content\/uploads\/2020\/06\/multirriesgo.png\" title=\"multirriesgo\" width=\"1440\" height=\"200\" class=\"rev-slidebg\" data-no-retina>\n<!--\n\t\t\t\t\t\t\t--><rs-layer\n\t\t\t\t\t\t\t\tid=\"slider-70-slide-72-layer-0\" \n\t\t\t\t\t\t\t\tdata-type=\"text\"\n\t\t\t\t\t\t\t\tdata-color=\"#ffffff\"\n\t\t\t\t\t\t\t\tdata-rsp_ch=\"on\"\n\t\t\t\t\t\t\t\tdata-xy=\"x:c;y:c;\"\n\t\t\t\t\t\t\t\tdata-text=\"w:normal;s:45;l:55;\"\n\t\t\t\t\t\t\t\tdata-frame_999=\"o:0;st:w;\"\n\t\t\t\t\t\t\t\tstyle=\"z-index:5;font-family:Roboto;\"\n\t\t\t\t\t\t\t>ASSEGURANCES MULTIRISC<br \/>\n \n\t\t\t\t\t\t\t<\/rs-layer><!--\n\n\t\t\t\t\t\t\t--><a\n\t\t\t\t\t\t\t\tid=\"slider-70-slide-72-layer-1\" \n\t\t\t\t\t\t\t\tclass=\"rs-layer\"\n\t\t\t\t\t\t\t\thref=\"tel:972336708\" target=\"_self\" rel=\"nofollow\"\n\t\t\t\t\t\t\t\tdata-type=\"image\"\n\t\t\t\t\t\t\t\tdata-rsp_ch=\"on\"\n\t\t\t\t\t\t\t\tdata-xy=\"x:r;y:c;\"\n\t\t\t\t\t\t\t\tdata-text=\"w:normal;\"\n\t\t\t\t\t\t\t\tdata-dim=\"w:40px;h:40px;\"\n\t\t\t\t\t\t\t\tdata-frame_999=\"o:0;st:w;\"\n\t\t\t\t\t\t\t\tstyle=\"z-index:6;font-family:Roboto;\"\n\t\t\t\t\t\t\t><img loading=\"lazy\" decoding=\"async\" src=\"\/\/caralticonesa.com\/wp-content\/uploads\/2020\/03\/Group-8.png\" width=\"40\" height=\"40\" data-no-retina> \n\t\t\t\t\t\t\t<\/a><!--\n-->\t\t\t\t\t\t<\/rs-slide>\n\t\t\t\t\t<\/rs-slides>\n\t\t\t\t\t<rs-progress class=\"rs-bottom\" style=\"visibility: hidden !important;\"><\/rs-progress>\n\t\t\t\t<\/rs-module>\n\t\t\t\t<script type=\"text\/javascript\">\n\t\t\t\t\tsetREVStartSize({c: 'rev_slider_70_1',rl:[1240,1024,778,480],el:[200],gw:[1240],gh:[200],layout:'fullwidth',mh:\"0\"});\n\t\t\t\t\tvar\trevapi70,\n\t\t\t\t\t\ttpj;\n\t\t\t\t\tjQuery(function() {\n\t\t\t\t\t\ttpj = jQuery;\n\t\t\t\t\t\tif(tpj(\"#rev_slider_70_1\").revolution == undefined){\n\t\t\t\t\t\t\trevslider_showDoubleJqueryError(\"#rev_slider_70_1\");\n\t\t\t\t\t\t}else{\n\t\t\t\t\t\t\trevapi70 = tpj(\"#rev_slider_70_1\").show().revolution({\n\t\t\t\t\t\t\t\tjsFileLocation:\"\/\/caralticonesa.com\/wp-content\/plugins\/revslider\/public\/assets\/js\/\",\n\t\t\t\t\t\t\t\tsliderLayout:\"fullwidth\",\n\t\t\t\t\t\t\t\tvisibilityLevels:\"1240,1024,778,480\",\n\t\t\t\t\t\t\t\tgridwidth:1240,\n\t\t\t\t\t\t\t\tgridheight:200,\n\t\t\t\t\t\t\t\tminHeight:\"\",\n\t\t\t\t\t\t\t\tspinner:\"spinner0\",\n\t\t\t\t\t\t\t\teditorheight:\"200,768,960,720\",\n\t\t\t\t\t\t\t\tresponsiveLevels:\"1240,1024,778,480\",\n\t\t\t\t\t\t\t\tdisableProgressBar:\"on\",\n\t\t\t\t\t\t\t\tnavigation: {\n\t\t\t\t\t\t\t\t\tonHoverStop:false\n\t\t\t\t\t\t\t\t},\n\t\t\t\t\t\t\t\tfallbacks: {\n\t\t\t\t\t\t\t\t\tallowHTML5AutoPlayOnAndroid:true\n\t\t\t\t\t\t\t\t},\n\t\t\t\t\t\t\t});\n\t\t\t\t\t\t}\n\t\t\t\t\t\t\n\t\t\t\t\t});\n\t\t\t\t<\/script>\n\t\t\t<\/rs-module-wrap>\n\t\t\t<!-- END REVOLUTION SLIDER -->\n[vc_empty_space height=&#8221;50px&#8221;][\/vc_column][\/vc_row][vc_row full_width=&#8221;stretch_row_content&#8221; equal_height=&#8221;yes&#8221; css=&#8221;.vc_custom_1585902987499{padding-right: 5% !important;padding-left: 5% !important;}&#8221;][vc_column width=&#8221;1\/3&#8243;][vc_single_image image=&#8221;404&#8243; img_size=&#8221;full&#8221;][\/vc_column][vc_column width=&#8221;2\/3&#8243; css=&#8221;.vc_custom_1585901377232{padding-right: 3% !important;}&#8221;][vc_column_text el_class=&#8221;intro-text&#8221;]S\u00f3n una de les m\u00e9s flexibles i din\u00e0miques solucions asseguradores. Ajuden a asumir els danys materials i les seves conseq\u00fc\u00e8ncies, dels b\u00e9ns d&#8217;una empresa, com les instal\u00b7lacions, l&#8217;aixovar industrial, les mercaderies, les p\u00e8rdues de b\u00e9ns de tercers, tamb\u00e9 poden cobrir les p\u00e8rdues econ\u00f2miques causades durant el per\u00edode de paralitzaci\u00f3 de l&#8217;empresa per causes determinades.<\/p>\n<p>S\u00f3n una bona soluci\u00f3 per a Pimes.[\/vc_column_text][vc_empty_space height=&#8221;50px&#8221;][vc_btn title=&#8221;Cotitza aqu\u00ed&#8221; style=&#8221;custom&#8221; custom_background=&#8221;#239846&#8243; custom_text=&#8221;#ffffff&#8221; align=&#8221;left&#8221; link=&#8221;|title:Contacto||&#8221; el_class=&#8221;cotitza&#8221;][\/vc_column][\/vc_row][vc_row full_width=&#8221;stretch_row&#8221; css=&#8221;.vc_custom_1585903095164{padding-right: 5% !important;padding-left: 5% !important;}&#8221;][vc_column][vc_empty_space][vc_column_text]<\/p>\n<h2 style=\"text-align: left;\">PREGUNTES FREQ\u00dcENTS<\/h2>\n<p>[\/vc_column_text][vc_empty_space][vc_tta_accordion][vc_tta_section title=&#8221;COM CONTRACTAR UNA ASSEGURAN\u00c7A DE PIME?&#8221; tab_id=&#8221;1596637153990-2f4c2aee-c071&#8243;][vc_column_text]Hi ha diverses opcions en el mercat, encara que la m\u00e9s atractiva \u00e9s la de consultar amb un corredor d&#8217;assegurances, ja que el disposa de diverses companyies diferents i que fa la que m\u00e9s s&#8217;adeq\u00fci a la seva necessitat real i aix\u00f2 a el mateix cost que amb el canal bancari o directament amb la companyia.[\/vc_column_text][\/vc_tta_section][vc_tta_section title=&#8221;QU\u00c8 HE DE FER SI TINC UN SINISTRE A L&#8217;EMPRESA?&#8221; tab_id=&#8221;1596637154017-35e4b044-baa8&#8243;][vc_column_text]El primer de tot, en la mesura del possible, minimitzar els danys en la mesura possible, despr\u00e9s d&#8217;aix\u00f2, parlar amb el seu corredor d&#8217;assegurances que us guiar\u00e0 en la decisi\u00f3 dels passos a seguir.[\/vc_column_text][\/vc_tta_section][vc_tta_section title=&#8221;EST\u00c0 TOT COBERT EN EL MEU SEGUR D&#8217;EMPRESA?&#8221; tab_id=&#8221;1596637161346-b040c646-deab&#8221;][vc_column_text]No, hi ha dos grans grups o fam\u00edlies de cobertures, les cobertures nominades, s\u00f3n aquells contractes que NOM\u00c9S est\u00e0 cobert la conting\u00e8ncia que est\u00e0 expressada, i les de Tot risc, que vol dir que est\u00e0 tot cobert, excepte el que est\u00e0 excl\u00f2s, per aix\u00f2 la resposta \u00e9s NO[\/vc_column_text][\/vc_tta_section][vc_tta_section title=&#8221;\u00bfPER QUE CADA ANY PAGAMENT MES DE LA MEVA SEGUR PIME?&#8221; tab_id=&#8221;1596637166110-6875621b-02ca&#8221;][vc_column_text]El motiu sol ser que les companyies, en les renovaci\u00f3 \u00e9s de les assegurances d&#8217;empresa, regularitzen els capitals, augmentant els perqu\u00e8 no quedin desfasats i aix\u00ed en cas de sinistre poder indemnitzar el valor afectat.[\/vc_column_text][\/vc_tta_section][vc_tta_section title=&#8221;QUINA \u00c9S LA MILLOR COMPANYIA PER A CONTRACTAR UNA ASSEGURAN\u00c7A DE MULTIRISC?&#8221; tab_id=&#8221;1596637174386-8b247f23-152e&#8221;][vc_column_text]Dependr\u00e0 de l&#8217;tipus d&#8217;activitat, valor global de l&#8217;asseguran\u00e7a, zona geogr\u00e0fica, la millor opci\u00f3 \u00e9s deixar assessorar-se per el seu corredor d&#8217;assegurances al t\u00e9 la informaci\u00f3 per respondre a aquesta pregunta.[\/vc_column_text][\/vc_tta_section][vc_tta_section title=&#8221;\u00bfHE INCLOURE LA RESPONSABILITAT CIVIL A LA MEVA P\u00d2LISSA DE PIME?&#8221; tab_id=&#8221;1596637177574-426c08fe-ff6d&#8221;][vc_column_text]Dependr\u00e0 de l&#8217;tipus d&#8217;activitat de l&#8217;empresa i el capital que es vulgui assegurar, si s\u00f3n activitats no complexes pot ser m\u00e9s atractiu assegurar-lo a trav\u00e9s de la p\u00f2lissa de multirisc.[\/vc_column_text][\/vc_tta_section][vc_tta_section title=&#8221;\u00bfCADA QUAN TEMPS HE CANVIAR DE COMPANYIA?&#8221; tab_id=&#8221;1596637181157-b1e1e50c-f177&#8243;][vc_column_text]El mercat assegurador est\u00e0 en continu moviment i constantment crea cobertures noves i serveis innovadors, \u00e9s aconsellable cada 3 o 4 anys verificar com aquesta la p\u00f2lissa d&#8217;asseguran\u00e7a, encara que la millor opci\u00f3 \u00e9s consultant amb el seu corredor d&#8217;assegurances, el \u00e9s coneixedor de quan \u00e9s idoni fer el canvi.[\/vc_column_text][\/vc_tta_section][vc_tta_section title=&#8221;PER QU\u00c8 HE DE CONTRACTAR AMB CARALT I CONESA?&#8221; tab_id=&#8221;1596637181748-d999480f-124d&#8221;][vc_column_text]per que la decisi\u00f3 que vaig prendre, despr\u00e9s del nostre assessorament basat en el nostre coneixement, experi\u00e8ncia, formaci\u00f3 i relaci\u00f3 amb les companyies asseguradores, ser\u00e0 molt m\u00e9s reeixida.[\/vc_column_text][\/vc_tta_section][\/vc_tta_accordion][\/vc_column][\/vc_row][vc_row full_width=&#8221;stretch_row&#8221; css=&#8221;.vc_custom_1596637203462{padding-right: 5% !important;padding-left: 5% !important;}&#8221;][vc_column][vc_empty_space height=&#8221;60px&#8221;][\/vc_column][\/vc_row][vc_row css=&#8221;.vc_custom_1585903024381{padding-right: 5% !important;padding-left: 5% !important;}&#8221;][vc_column][vc_column_text]<\/p>\n<div class=\"wpb_text_column wpb_content_element \">\n<div class=\"wpb_wrapper\">\n<h2 style=\"text-align: center;\">Necessites una altra asseguran\u00e7a?<\/h2>\n<\/div>\n<\/div>\n<div class=\"wpb_text_column wpb_content_element \">\n<div class=\"wpb_wrapper\">\n<p style=\"text-align: center;\">Cobrim tots els riscos que puguis tenir<\/p>\n<\/div>\n<\/div>\n<p>[\/vc_column_text][vc_empty_space height=&#8221;50px&#8221;][vc_btn title=&#8221;ASSEGURANCES PER AUT\u00d2NOMS&#8221; align=&#8221;center&#8221; link=&#8221;url:http%3A%2F%2Fcaralticonesa.com%2Fca%2Fassegurances-autonoms%2F|title:Aut%C3%B3nomos||&#8221;][vc_empty_space height=&#8221;50px&#8221;][\/vc_column][\/vc_row]<\/p>\n","protected":false},"excerpt":{"rendered":"<p>[vc_row][vc_column][vc_empty_space height=&#8221;50px&#8221;][\/vc_column][\/vc_row][vc_row full_width=&#8221;stretch_row_content&#8221; equal_height=&#8221;yes&#8221; css=&#8221;.vc_custom_1585902987499{padding-right: 5% !important;padding-left: 5% !important;}&#8221;][vc_column width=&#8221;1\/3&#8243;][vc_single_image image=&#8221;404&#8243; img_size=&#8221;full&#8221;][\/vc_column][vc_column width=&#8221;2\/3&#8243; css=&#8221;.vc_custom_1585901377232{padding-right: 3% !important;}&#8221;][vc_column_text el_class=&#8221;intro-text&#8221;]S\u00f3n una de les m\u00e9s flexibles i din\u00e0miques solucions [&hellip;]<\/p>\n","protected":false},"author":1,"featured_media":835,"parent":1151,"menu_order":0,"comment_status":"closed","ping_status":"closed","template":"","meta":{"footnotes":""},"class_list":["post-1791","page","type-page","status-publish","has-post-thumbnail","hentry"],"yoast_head":"<!-- This site is optimized with the Yoast SEO plugin v24.1 - https:\/\/yoast.com\/wordpress\/plugins\/seo\/ -->\n<title>ASSEGURANCES MULTIRISC PER AUTONMOS I MICROEMPRESES - Caralt i Conesa<\/title>\n<meta name=\"robots\" content=\"index, follow, max-snippet:-1, max-image-preview:large, max-video-preview:-1\" \/>\n<link rel=\"canonical\" href=\"https:\/\/caralticonesa.com\/ca\/assegurances-autonoms\/assegurances-multirisc\/\" \/>\n<meta property=\"og:locale\" content=\"ca_ES\" \/>\n<meta property=\"og:type\" content=\"article\" \/>\n<meta property=\"og:title\" content=\"ASSEGURANCES MULTIRISC PER AUTONMOS I MICROEMPRESES - Caralt i Conesa\" \/>\n<meta property=\"og:description\" content=\"[vc_row][vc_column][vc_empty_space height=&#8221;50px&#8221;][\/vc_column][\/vc_row][vc_row full_width=&#8221;stretch_row_content&#8221; equal_height=&#8221;yes&#8221; css=&#8221;.vc_custom_1585902987499{padding-right: 5% !important;padding-left: 5% !important;}&#8221;][vc_column width=&#8221;1\/3&#8243;][vc_single_image image=&#8221;404&#8243; img_size=&#8221;full&#8221;][\/vc_column][vc_column width=&#8221;2\/3&#8243; css=&#8221;.vc_custom_1585901377232{padding-right: 3% !important;}&#8221;][vc_column_text el_class=&#8221;intro-text&#8221;]S\u00f3n una de les m\u00e9s flexibles i din\u00e0miques solucions [&hellip;]\" \/>\n<meta property=\"og:url\" content=\"https:\/\/caralticonesa.com\/ca\/assegurances-autonoms\/assegurances-multirisc\/\" \/>\n<meta property=\"og:site_name\" content=\"Caralt i Conesa\" \/>\n<meta property=\"article:modified_time\" content=\"2020-08-13T10:32:52+00:00\" \/>\n<meta property=\"og:image\" content=\"https:\/\/caralticonesa.com\/wp-content\/uploads\/2020\/06\/multirriesgo.png\" \/>\n\t<meta property=\"og:image:width\" content=\"1440\" \/>\n\t<meta property=\"og:image:height\" content=\"200\" \/>\n\t<meta property=\"og:image:type\" content=\"image\/png\" \/>\n<meta name=\"twitter:card\" content=\"summary_large_image\" \/>\n<meta name=\"twitter:label1\" content=\"Temps estimat de lectura\" \/>\n\t<meta name=\"twitter:data1\" content=\"4 minuts\" \/>\n<script type=\"application\/ld+json\" class=\"yoast-schema-graph\">{\"@context\":\"https:\/\/schema.org\",\"@graph\":[{\"@type\":\"WebPage\",\"@id\":\"https:\/\/caralticonesa.com\/ca\/assegurances-autonoms\/assegurances-multirisc\/\",\"url\":\"https:\/\/caralticonesa.com\/ca\/assegurances-autonoms\/assegurances-multirisc\/\",\"name\":\"ASSEGURANCES MULTIRISC PER AUTONMOS I MICROEMPRESES - Caralt i Conesa\",\"isPartOf\":{\"@id\":\"https:\/\/caralticonesa.com\/#website\"},\"primaryImageOfPage\":{\"@id\":\"https:\/\/caralticonesa.com\/ca\/assegurances-autonoms\/assegurances-multirisc\/#primaryimage\"},\"image\":{\"@id\":\"https:\/\/caralticonesa.com\/ca\/assegurances-autonoms\/assegurances-multirisc\/#primaryimage\"},\"thumbnailUrl\":\"https:\/\/caralticonesa.com\/wp-content\/uploads\/2020\/06\/multirriesgo.png\",\"datePublished\":\"2020-08-13T10:22:59+00:00\",\"dateModified\":\"2020-08-13T10:32:52+00:00\",\"breadcrumb\":{\"@id\":\"https:\/\/caralticonesa.com\/ca\/assegurances-autonoms\/assegurances-multirisc\/#breadcrumb\"},\"inLanguage\":\"ca\",\"potentialAction\":[{\"@type\":\"ReadAction\",\"target\":[\"https:\/\/caralticonesa.com\/ca\/assegurances-autonoms\/assegurances-multirisc\/\"]}]},{\"@type\":\"ImageObject\",\"inLanguage\":\"ca\",\"@id\":\"https:\/\/caralticonesa.com\/ca\/assegurances-autonoms\/assegurances-multirisc\/#primaryimage\",\"url\":\"https:\/\/caralticonesa.com\/wp-content\/uploads\/2020\/06\/multirriesgo.png\",\"contentUrl\":\"https:\/\/caralticonesa.com\/wp-content\/uploads\/2020\/06\/multirriesgo.png\",\"width\":1440,\"height\":200},{\"@type\":\"BreadcrumbList\",\"@id\":\"https:\/\/caralticonesa.com\/ca\/assegurances-autonoms\/assegurances-multirisc\/#breadcrumb\",\"itemListElement\":[{\"@type\":\"ListItem\",\"position\":1,\"name\":\"Portada\",\"item\":\"https:\/\/caralticonesa.com\/ca\/\"},{\"@type\":\"ListItem\",\"position\":2,\"name\":\"Aut\u00f3nomos\",\"item\":\"https:\/\/caralticonesa.com\/ca\/assegurances-autonoms\/\"},{\"@type\":\"ListItem\",\"position\":3,\"name\":\"ASSEGURANCES MULTIRISC PER AUTONMOS I MICROEMPRESES\"}]},{\"@type\":\"WebSite\",\"@id\":\"https:\/\/caralticonesa.com\/#website\",\"url\":\"https:\/\/caralticonesa.com\/\",\"name\":\"Caralt i Conesa\",\"description\":\"Otro sitio realizado con WordPress\",\"potentialAction\":[{\"@type\":\"SearchAction\",\"target\":{\"@type\":\"EntryPoint\",\"urlTemplate\":\"https:\/\/caralticonesa.com\/?s={search_term_string}\"},\"query-input\":{\"@type\":\"PropertyValueSpecification\",\"valueRequired\":true,\"valueName\":\"search_term_string\"}}],\"inLanguage\":\"ca\"}]}<\/script>\n<!-- \/ Yoast SEO plugin. -->","yoast_head_json":{"title":"ASSEGURANCES MULTIRISC PER AUTONMOS I MICROEMPRESES - Caralt i Conesa","robots":{"index":"index","follow":"follow","max-snippet":"max-snippet:-1","max-image-preview":"max-image-preview:large","max-video-preview":"max-video-preview:-1"},"canonical":"https:\/\/caralticonesa.com\/ca\/assegurances-autonoms\/assegurances-multirisc\/","og_locale":"ca_ES","og_type":"article","og_title":"ASSEGURANCES MULTIRISC PER AUTONMOS I MICROEMPRESES - Caralt i Conesa","og_description":"[vc_row][vc_column][vc_empty_space height=&#8221;50px&#8221;][\/vc_column][\/vc_row][vc_row full_width=&#8221;stretch_row_content&#8221; equal_height=&#8221;yes&#8221; css=&#8221;.vc_custom_1585902987499{padding-right: 5% !important;padding-left: 5% !important;}&#8221;][vc_column width=&#8221;1\/3&#8243;][vc_single_image image=&#8221;404&#8243; img_size=&#8221;full&#8221;][\/vc_column][vc_column width=&#8221;2\/3&#8243; css=&#8221;.vc_custom_1585901377232{padding-right: 3% !important;}&#8221;][vc_column_text el_class=&#8221;intro-text&#8221;]S\u00f3n una de les m\u00e9s flexibles i din\u00e0miques solucions [&hellip;]","og_url":"https:\/\/caralticonesa.com\/ca\/assegurances-autonoms\/assegurances-multirisc\/","og_site_name":"Caralt i Conesa","article_modified_time":"2020-08-13T10:32:52+00:00","og_image":[{"width":1440,"height":200,"url":"https:\/\/caralticonesa.com\/wp-content\/uploads\/2020\/06\/multirriesgo.png","type":"image\/png"}],"twitter_card":"summary_large_image","twitter_misc":{"Temps estimat de lectura":"4 minuts"},"schema":{"@context":"https:\/\/schema.org","@graph":[{"@type":"WebPage","@id":"https:\/\/caralticonesa.com\/ca\/assegurances-autonoms\/assegurances-multirisc\/","url":"https:\/\/caralticonesa.com\/ca\/assegurances-autonoms\/assegurances-multirisc\/","name":"ASSEGURANCES MULTIRISC PER AUTONMOS I MICROEMPRESES - Caralt i Conesa","isPartOf":{"@id":"https:\/\/caralticonesa.com\/#website"},"primaryImageOfPage":{"@id":"https:\/\/caralticonesa.com\/ca\/assegurances-autonoms\/assegurances-multirisc\/#primaryimage"},"image":{"@id":"https:\/\/caralticonesa.com\/ca\/assegurances-autonoms\/assegurances-multirisc\/#primaryimage"},"thumbnailUrl":"https:\/\/caralticonesa.com\/wp-content\/uploads\/2020\/06\/multirriesgo.png","datePublished":"2020-08-13T10:22:59+00:00","dateModified":"2020-08-13T10:32:52+00:00","breadcrumb":{"@id":"https:\/\/caralticonesa.com\/ca\/assegurances-autonoms\/assegurances-multirisc\/#breadcrumb"},"inLanguage":"ca","potentialAction":[{"@type":"ReadAction","target":["https:\/\/caralticonesa.com\/ca\/assegurances-autonoms\/assegurances-multirisc\/"]}]},{"@type":"ImageObject","inLanguage":"ca","@id":"https:\/\/caralticonesa.com\/ca\/assegurances-autonoms\/assegurances-multirisc\/#primaryimage","url":"https:\/\/caralticonesa.com\/wp-content\/uploads\/2020\/06\/multirriesgo.png","contentUrl":"https:\/\/caralticonesa.com\/wp-content\/uploads\/2020\/06\/multirriesgo.png","width":1440,"height":200},{"@type":"BreadcrumbList","@id":"https:\/\/caralticonesa.com\/ca\/assegurances-autonoms\/assegurances-multirisc\/#breadcrumb","itemListElement":[{"@type":"ListItem","position":1,"name":"Portada","item":"https:\/\/caralticonesa.com\/ca\/"},{"@type":"ListItem","position":2,"name":"Aut\u00f3nomos","item":"https:\/\/caralticonesa.com\/ca\/assegurances-autonoms\/"},{"@type":"ListItem","position":3,"name":"ASSEGURANCES MULTIRISC PER AUTONMOS I MICROEMPRESES"}]},{"@type":"WebSite","@id":"https:\/\/caralticonesa.com\/#website","url":"https:\/\/caralticonesa.com\/","name":"Caralt i Conesa","description":"Otro sitio realizado con WordPress","potentialAction":[{"@type":"SearchAction","target":{"@type":"EntryPoint","urlTemplate":"https:\/\/caralticonesa.com\/?s={search_term_string}"},"query-input":{"@type":"PropertyValueSpecification","valueRequired":true,"valueName":"search_term_string"}}],"inLanguage":"ca"}]}},"_links":{"self":[{"href":"https:\/\/caralticonesa.com\/ca\/wp-json\/wp\/v2\/pages\/1791"}],"collection":[{"href":"https:\/\/caralticonesa.com\/ca\/wp-json\/wp\/v2\/pages"}],"about":[{"href":"https:\/\/caralticonesa.com\/ca\/wp-json\/wp\/v2\/types\/page"}],"author":[{"embeddable":true,"href":"https:\/\/caralticonesa.com\/ca\/wp-json\/wp\/v2\/users\/1"}],"replies":[{"embeddable":true,"href":"https:\/\/caralticonesa.com\/ca\/wp-json\/wp\/v2\/comments?post=1791"}],"version-history":[{"count":0,"href":"https:\/\/caralticonesa.com\/ca\/wp-json\/wp\/v2\/pages\/1791\/revisions"}],"up":[{"embeddable":true,"href":"https:\/\/caralticonesa.com\/ca\/wp-json\/wp\/v2\/pages\/1151"}],"wp:featuredmedia":[{"embeddable":true,"href":"https:\/\/caralticonesa.com\/ca\/wp-json\/wp\/v2\/media\/835"}],"wp:attachment":[{"href":"https:\/\/caralticonesa.com\/ca\/wp-json\/wp\/v2\/media?parent=1791"}],"curies":[{"name":"wp","href":"https:\/\/api.w.org\/{rel}","templated":true}]}}