{"id":1227,"date":"2020-08-05T07:38:14","date_gmt":"2020-08-05T07:38:14","guid":{"rendered":"http:\/\/caralticonesa.com\/?page_id=1227"},"modified":"2020-08-05T07:38:14","modified_gmt":"2020-08-05T07:38:14","slug":"politica-de-cookies","status":"publish","type":"page","link":"https:\/\/caralticonesa.com\/ca\/politica-de-cookies\/","title":{"rendered":"Pol\u00edtica de cookies"},"content":{"rendered":"<div id=\"clickdatos\">\n<h2><span><span class=\"goog-text-highlight\">POL\u00cdTICA DE COOKIES<\/span><\/span><\/h2>\n<p>Al lloc web <a href=\"https:\/\/translate.googleusercontent.com\/translate_c?depth=1&amp;hl=en&amp;pto=aue&amp;rurl=translate.google.com&amp;sl=gl&amp;sp=nmt4&amp;tl=ca&amp;u=http:\/\/caralticonesa.com&amp;usg=ALkJrhjZDzZurkNZ6z05F9szMKMs4Ik6JQ\" target=\"_blank\" rel=\"nofollow noopener noreferrer\">http:\/\/caralticonesa.com<\/a> (en endavant, el lloc web) utilitzem cookies per facilitar la relaci\u00f3 dels visitants amb el nostre contingut i per permetre\u2019ns recopilar estad\u00edstiques sobre els visitants que rebem.<\/p>\n<p>L\u2019informem que podrem utilitzar cookies per tal de facilitar la vostra navegaci\u00f3 a trav\u00e9s del Lloc Web, distingir-lo d\u2019altres usuaris, proporcionar-li una millor experi\u00e8ncia en l\u2019\u00fas i identificar problemes per millorar el nostre lloc web.<\/p>\n<p><strong>Qu\u00e8 s\u00f3n les cookies?<\/strong><br \/>\nA les cookies s\u2019anomenen fitxers petits que es guarden al navegador utilitzat per cada visitant al nostre lloc web perqu\u00e8 el servidor pugui recordar la visita de l\u2019usuari m\u00e9s endavant quan torna a accedir al nostre contingut. Aquesta informaci\u00f3 no revela la vostra identitat, ni cap dada personal, ni accedeix al contingut emmagatzemat al vostre PC, per\u00f2 permet al nostre sistema identificar-vos com a usuari particular que ha visitat anteriorment el lloc web, ha vist determinades p\u00e0gines, etc. i tamb\u00e9 us permet guardar les vostres prefer\u00e8ncies personals i informaci\u00f3 t\u00e8cnica.<\/p>\n<p>En compliment de la Directiva 2009\/136 \/ CE, desenvolupada en el nostre sistema per la segona secci\u00f3 de l\u2019article 22 de la LSSI, seguint les directrius del SEPD, procedim a informar-lo detalladament de l\u2019\u00fas que es fa al nostre lloc web.<\/p>\n<p>A continuaci\u00f3, es fa una classificaci\u00f3 de cookies segons una s\u00e8rie de categories. Tot i aix\u00f2, cal tenir en compte que la mateixa cookie es pot incloure en m\u00e9s d\u2019una categoria.<\/p>\n<div><strong>Tipus de cookies segons l\u2019entitat que les gestiona<\/strong><\/p>\n<ul>\n<li>Cookies pr\u00f2pies: S\u00f3n aquelles que s\u2019envien a l\u2019ordinador terminal de l\u2019usuari des d\u2019un equip o domini gestionat per l\u2019editor.<\/li>\n<li>Cookies de tercers: S\u00f3n aquelles que s\u2019envien a l\u2019equip terminal de l\u2019usuari des d\u2019un equip o domini que no \u00e9s gestionat per l\u2019editor, sin\u00f3 per una altra entitat que processa les dades.<\/li>\n<\/ul>\n<div><strong>Tipus de cookies segons el temps que romanen actius<\/strong><\/p>\n<ul>\n<li>Cookies de sessi\u00f3: s\u00f3n un tipus de galeta dissenyat per recollir i emmagatzemar dades mentre l\u2019usuari accedeix a un lloc web.<\/li>\n<li>Cookies persistents: s\u00f3n un tipus de galeta en qu\u00e8 les dades encara es guarden al terminal i es poden accedir i processar durant un per\u00edode definit pel responsable de la cookie, i que pot anar des d\u2019uns minuts fins a diversos anys.<\/li>\n<\/ul>\n<\/div>\n<\/div>\n<div><strong>Tipus de cookies segons la seva finalitat<\/strong><\/p>\n<ul>\n<li>Cookies t\u00e8cniques: aquelles que permeten a l\u2019usuari navegar per un lloc web, plataforma o aplicaci\u00f3 i utilitzar les diferents opcions o serveis que hi ha.<\/li>\n<li>Cookies de personalitzaci\u00f3: S\u00f3n aquelles que permeten a l\u2019usuari accedir al servei amb algunes caracter\u00edstiques generals predefinides en funci\u00f3 d\u2019una s\u00e8rie de criteris al terminal de l\u2019usuari.<\/li>\n<li>Cookies publicit\u00e0ries: S\u00f3n aquelles que permeten la gesti\u00f3, de la manera m\u00e9s eficient possible, dels espais publicitaris que, en el seu cas, l\u2019editor ha incl\u00f2s en una p\u00e0gina web.<\/li>\n<li>Cookies publicit\u00e0ries comportamentals: S\u00f3n aquelles que permeten la gesti\u00f3, de la manera m\u00e9s eficient possible, dels espais publicitaris que, en el seu cas, l\u2019editor ha incl\u00f2s en una p\u00e0gina web. Aquestes cookies emmagatzemen informaci\u00f3 sobre el comportament dels usuaris obtingut a trav\u00e9s de l\u2019observaci\u00f3 cont\u00ednua dels seus h\u00e0bits de navegaci\u00f3, cosa que permet desenvolupar un perfil espec\u00edfic per mostrar publicitat en funci\u00f3 d\u2019aquest.<\/li>\n<li>Cookies d\u2019an\u00e0lisi: s\u00f3n aquelles que permeten al responsable d\u2019aquests, el seguiment i l\u2019an\u00e0lisi del comportament dels usuaris dels llocs web als quals estan enlla\u00e7ats. La informaci\u00f3 recopilada a trav\u00e9s d\u2019aquest tipus de cookies s\u2019utilitza per mesurar l\u2019activitat dels llocs web, per tal d\u2019introduir millores basades en l\u2019an\u00e0lisi de les dades d\u2019\u00fas realitzades pels usuaris del servei.<\/li>\n<\/ul>\n<\/div>\n<p>Actualment, la majoria dels navegadors estan configurats de manera predeterminada per bloquejar la instal\u00b7laci\u00f3 de cookies publicit\u00e0ries o de tercers al vostre equip. L\u2019usuari pot ampliar les restriccions d\u2019origen, impedint l\u2019entrada de qualsevol tipus de galeta o eliminar aquestes restriccions, acceptant l\u2019entrada de qualsevol tipus de galeta. Si esteu interessats en acceptar cookies publicit\u00e0ries o de tercers, podeu configurar el vostre navegador amb aquesta finalitat.<\/p>\n<p>L\u2019acceptaci\u00f3 que fa l\u2019usuari, fent clic al bot\u00f3 <strong>ACCEPT<\/strong> mostrat a la informaci\u00f3 inicial de les cookies, implica que est\u00e0 consentint expressament el responsable del seu \u00fas, podent exercir els seus drets i revocar el seu consentiment en qualsevol moment, sol\u00b7licitant-ho. SERVEIS PROFESSIONALS CARALT I CONESA SL.<\/p>\n<p>A continuaci\u00f3 us informem detalladament de totes les cookies que es poden instal\u00b7lar des del nostre lloc web. Segons la vostra navegaci\u00f3, la configuraci\u00f3 del navegador i la vostra acceptaci\u00f3 o rebuig, es poden instal\u00b7lar tots o nom\u00e9s alguns.<\/p>\n<div id=\"listadodecookies\">\n<table>\n<tbody>\n<tr align=\"center\">\n<td>Nom<\/td>\n<td>Categoria<\/td>\n<td>Descripci\u00f3<\/td>\n<td>Propietat<\/td>\n<td>Durada<\/td>\n<\/tr>\n<tr id=\"_ga\" align=\"center\">\n<td>_ga<\/td>\n<td>An\u00e0lisi<\/td>\n<td>S&#8217;utilitza per distingir usuaris.<\/td>\n<td>Tercers<\/td>\n<td>2 anys<\/td>\n<\/tr>\n<tr id=\"_gid\" align=\"center\">\n<td>_gid<\/td>\n<td>An\u00e0lisi<\/td>\n<td>S&#8217;utilitza per distingir usuaris.<\/td>\n<td>Tercers<\/td>\n<td>24 hores<\/td>\n<\/tr>\n<tr id=\"PHPSESSID\" align=\"center\">\n<td>PHPSESSID<\/td>\n<td>Funcionalitat<\/td>\n<td>Aquesta cookie l\u2019utilitza el llenguatge de xifratge PHP per permetre que les variables de sessi\u00f3 s\u2019emmagatzemen al servidor web.<\/td>\n<td>Propi<\/td>\n<td>Final de la sessi\u00f3<\/td>\n<\/tr>\n<tr id=\"\" align=\"center\">\n<td><\/td>\n<td><\/td>\n<td><\/td>\n<td><\/td>\n<td><\/td>\n<\/tr>\n<tr id=\"\" align=\"center\">\n<td><\/td>\n<td><\/td>\n<td><\/td>\n<td><\/td>\n<td><\/td>\n<\/tr>\n<tr id=\"\" align=\"center\">\n<td><\/td>\n<td><\/td>\n<td><\/td>\n<td><\/td>\n<td><\/td>\n<\/tr>\n<tr id=\"wp-settings-\" align=\"center\">\n<td>wp-settings-<\/td>\n<td>Funcionalitat<\/td>\n<td>S&#8217;utilitza per personalitzar la interf\u00edcie d&#8217;usuari.<\/td>\n<td>Propi<\/td>\n<td>1 any<\/td>\n<\/tr>\n<tr id=\"wp-settings-time-\" align=\"center\">\n<td>wp-settings-time-<\/td>\n<td>Funcionalitat<\/td>\n<td>S&#8217;utilitza per personalitzar la interf\u00edcie d&#8217;usuari.<\/td>\n<td>Propi<\/td>\n<td>Final de la sessi\u00f3<\/td>\n<\/tr>\n<tr id=\"__tawkuuid\" align=\"center\">\n<td>__tawkuuid<\/td>\n<td>An\u00e0lisi<\/td>\n<td>Identifica l\u2019usuari que s\u2019ha iniciat la sessi\u00f3 per proporcionar assist\u00e8ncia en l\u00ednia.<\/td>\n<td>Tercers<\/td>\n<td>Final de la sessi\u00f3<\/td>\n<\/tr>\n<tr id=\"_icl_current_admin_language_d41d8cd98f00b204e9800998ecf8427e\" align=\"center\">\n<td>_icl_current_admin_language_d41d8cd98f00b204e9800998ecf8427e<\/td>\n<td>Funcionalitat<\/td>\n<td>Funcionalitat del llenguatge<\/td>\n<td>Tercers<\/td>\n<td>Final de la sessi\u00f3<\/td>\n<\/tr>\n<tr id=\"_icl_current_language\" align=\"center\">\n<td>_icl_current_language<\/td>\n<td>Funcionalitat<\/td>\n<td>Funcionalitat del llenguatge<\/td>\n<td>Tercers<\/td>\n<td>Final de la sessi\u00f3<\/td>\n<\/tr>\n<tr id=\"simplefavorites\" align=\"center\">\n<td>simples preferits<\/td>\n<td>Funcionalitat<\/td>\n<td>Funcionalitat del lloc<\/td>\n<td>Tercers<\/td>\n<td>Final de la sessi\u00f3<\/td>\n<\/tr>\n<tr id=\"viewed_cookie_policy\" align=\"center\">\n<td>views_cookie_policy<\/td>\n<td>Funcionalitat<\/td>\n<td>Funcionalitat del lloc<\/td>\n<td>Tercers<\/td>\n<td>Final de la sessi\u00f3<\/td>\n<\/tr>\n<tr id=\"rs6_overview_pagination\" align=\"center\">\n<td>rs6_overview_pagination<\/td>\n<td>Funcionalitat<\/td>\n<td>Funcionalitat del lloc<\/td>\n<td>Tercers<\/td>\n<td>Final de la sessi\u00f3<\/td>\n<\/tr>\n<tr id=\"__stripe_mid\" align=\"center\">\n<td>__stripe_mid<\/td>\n<td>Funcionalitat<\/td>\n<td>Funcionalitat del lloc<\/td>\n<td>Tercers<\/td>\n<td>Final de la sessi\u00f3<\/td>\n<\/tr>\n<tr id=\"_fbp\" align=\"center\">\n<td>_fbp<\/td>\n<td>Funcionalitat<\/td>\n<td>Funcionalitat del lloc<\/td>\n<td>Tercers<\/td>\n<td>Final de la sessi\u00f3<\/td>\n<\/tr>\n<tr id=\"cookielawinfo-checkbox-non-necessary\" align=\"center\">\n<td>cookielawinfo-casella de verificaci\u00f3-no necess\u00e0ria<\/td>\n<td>Funcionalitat<\/td>\n<td>Funcionalitat del lloc<\/td>\n<td>Tercers<\/td>\n<td>Final de la sessi\u00f3<\/td>\n<\/tr>\n<tr id=\"gdpr\" align=\"center\">\n<td>gdpr<\/td>\n<td>Funcionalitat<\/td>\n<td>Funcionalitat del lloc<\/td>\n<td>Tercers<\/td>\n<td>Final de la sessi\u00f3<\/td>\n<\/tr>\n<tr id=\"visitor_id828313\" align=\"center\">\n<td>visitant_id828313<\/td>\n<td>Funcionalitat<\/td>\n<td>Funcionalitat del lloc<\/td>\n<td>Tercers<\/td>\n<td>Final de la sessi\u00f3<\/td>\n<\/tr>\n<tr id=\"visitor_id828313-hash\" align=\"center\">\n<td>visitant_id828313-hash<\/td>\n<td>Funcionalitat<\/td>\n<td>Funcionalitat del lloc<\/td>\n<td>Tercers<\/td>\n<td>Final de la sessi\u00f3<\/td>\n<\/tr>\n<tr id=\"mp_a36067b00a263cce0299cfd960e26ecf_mixpanel\" align=\"center\">\n<td>mp_a36067b00a263cce0299cfd960e26ecf_mixpanel<\/td>\n<td>Funcionalitat<\/td>\n<td>Funcionalitat del lloc<\/td>\n<td>Tercers<\/td>\n<td>Final de la sessi\u00f3<\/td>\n<\/tr>\n<tr id=\"wp_user_territorio\" align=\"center\">\n<td>wp_user_territory<\/td>\n<td>Funcionalitat<\/td>\n<td>Funcionalitat del lloc<\/td>\n<td>Tercers<\/td>\n<td>Final de la sessi\u00f3<\/td>\n<\/tr>\n<tr id=\"wp_user_country_code\" align=\"center\">\n<td>wp_user_country_code<\/td>\n<td>Funcionalitat<\/td>\n<td>Funcionalitat del lloc<\/td>\n<td>Tercers<\/td>\n<td>Final de la sessi\u00f3<\/td>\n<\/tr>\n<tr id=\"ssupp_vid\" align=\"center\">\n<td>ssupp_vid<\/td>\n<td>Funcionalitat<\/td>\n<td>Funcionalitat del lloc<\/td>\n<td>Tercers<\/td>\n<td>Final de la sessi\u00f3<\/td>\n<\/tr>\n<tr id=\"ssupp_visits\" align=\"center\">\n<td>ssupp_visits<\/td>\n<td>Funcionalitat<\/td>\n<td>Funcionalitat del lloc<\/td>\n<td>Tercers<\/td>\n<td>Final de la sessi\u00f3<\/td>\n<\/tr>\n<\/tbody>\n<\/table>\n<\/div>\n<p>\u00c9s possible que actualitzem la Pol\u00edtica de cookies del nostre lloc web, per la qual cosa us recomanem que reviseu aquesta pol\u00edtica cada vegada que accedeixi al nostre lloc web per tal d\u2019estar informats adequadament sobre com i per a qu\u00e8 utilitzem les cookies.<\/p>\n<p>Si no voleu que les galetes s\u2019emmagatzemen al navegador o preferiu rebre informaci\u00f3 cada vegada que es demana que s\u2019instal\u00b7li una cookie, podeu configurar les opcions de navegaci\u00f3 per fer-ho. La majoria de navegadors permeten la gesti\u00f3 de cookies de tres maneres diferents:<\/p>\n<ul>\n<li>Les cookies sempre es rebutgen;<\/li>\n<li>El navegador pregunta si l\u2019usuari vol instal\u00b7lar cada cookie;<\/li>\n<li>Les cookies sempre s\u2019accepten;<\/li>\n<\/ul>\n<p>El vostre navegador tamb\u00e9 pot incloure la possibilitat de seleccionar en detall les cookies que voleu instal\u00b7lar al vostre ordinador. En concret, l&#8217;usuari pot acceptar una de les opcions seg\u00fcents:<\/p>\n<ul>\n<li>Rebutjar les cookies de determinats dominis;<\/li>\n<li>Rebutjar les cookies de tercers;<\/li>\n<li>Accepteu les cookies com a no persistents (s\u2019esborren quan es tanca el navegador);<\/li>\n<li>Permet al servidor crear cookies per a un domini diferent.<\/li>\n<\/ul>\n<p>Per permetre, con\u00e8ixer, bloquejar o eliminar les cookies instal\u00b7lades al vostre ordinador, podeu fer-ho configurant les opcions del navegador instal\u00b7lat al vostre ordinador.<\/p>\n<p>Podeu trobar informaci\u00f3 sobre com configurar els navegadors m\u00e9s utilitzats en les ubicacions seg\u00fcents:<\/p>\n<ul>\n<li><strong>Internet Explorer<\/strong> : Eines -&gt; Opcions d&#8217;Internet -&gt; Privadesa -&gt; Configuraci\u00f3. Per obtenir m\u00e9s informaci\u00f3, vegeu\u00a0 <a href=\"https:\/\/translate.googleusercontent.com\/translate_c?depth=1&amp;hl=en&amp;pto=aue&amp;rurl=translate.google.com&amp;sl=gl&amp;sp=nmt4&amp;tl=ca&amp;u=http:\/\/windows.microsoft.com\/es-ES\/windows\/support&amp;usg=ALkJrhiKCUKSbNZ-KZ4AF72abmZkWAQZaQ\" target=\"_blank\" rel=\"nofollow noopener noreferrer\">Ajuda de Microsoft<\/a> \u00a0o Ajuda del navegador.<\/li>\n<li><strong>Firefox<\/strong> : Eines -&gt; Opcions -&gt; Privadesa -&gt; Historial -&gt; Configuraci\u00f3 personalitzada. Per obtenir m\u00e9s informaci\u00f3, vegeu\u00a0 <a target=\"_blank\" rel=\"noopener noreferrer\">Assist\u00e8ncia de Mozilla<\/a> \u00a0o Ajuda del navegador.<\/li>\n<li><strong>Chrome<\/strong> : Configuraci\u00f3 -&gt; Mostra opcions avan\u00e7ades -&gt; Privadesa -&gt; Configuraci\u00f3 de contingut. Per obtenir m\u00e9s informaci\u00f3, vegeu\u00a0 <a target=\"_blank\" rel=\"noopener noreferrer\">Assist\u00e8ncia de Google<\/a> \u00a0o Ajuda del navegador.<\/li>\n<li><strong>Safari<\/strong> : Prefer\u00e8ncies -&gt; Seguretat. Per obtenir m\u00e9s informaci\u00f3, vegeu\u00a0 <a target=\"_blank\" rel=\"noopener noreferrer\">Assist\u00e8ncia Apple<\/a> \u00a0o Ajuda del navegador.<\/li>\n<\/ul>\n<\/div>\n","protected":false},"excerpt":{"rendered":"<p>POL\u00cdTICA DE COOKIES Al lloc web http:\/\/caralticonesa.com (en endavant, el lloc web) utilitzem cookies per facilitar la relaci\u00f3 dels visitants amb el nostre contingut i [&hellip;]<\/p>\n","protected":false},"author":1,"featured_media":0,"parent":0,"menu_order":0,"comment_status":"closed","ping_status":"closed","template":"","meta":{"footnotes":""},"class_list":["post-1227","page","type-page","status-publish","hentry"],"yoast_head":"<!-- This site is optimized with the Yoast SEO plugin v24.1 - https:\/\/yoast.com\/wordpress\/plugins\/seo\/ -->\n<title>Pol\u00edtica de cookies - Caralt i Conesa<\/title>\n<meta name=\"robots\" content=\"index, follow, max-snippet:-1, max-image-preview:large, max-video-preview:-1\" \/>\n<link rel=\"canonical\" href=\"https:\/\/caralticonesa.com\/ca\/politica-de-cookies\/\" \/>\n<meta property=\"og:locale\" content=\"ca_ES\" \/>\n<meta property=\"og:type\" content=\"article\" \/>\n<meta property=\"og:title\" content=\"Pol\u00edtica de cookies - Caralt i Conesa\" \/>\n<meta property=\"og:description\" content=\"POL\u00cdTICA DE COOKIES Al lloc web http:\/\/caralticonesa.com (en endavant, el lloc web) utilitzem cookies per facilitar la relaci\u00f3 dels visitants amb el nostre contingut i [&hellip;]\" \/>\n<meta property=\"og:url\" content=\"https:\/\/caralticonesa.com\/ca\/politica-de-cookies\/\" \/>\n<meta property=\"og:site_name\" content=\"Caralt i Conesa\" \/>\n<meta name=\"twitter:card\" content=\"summary_large_image\" \/>\n<meta name=\"twitter:label1\" content=\"Temps estimat de lectura\" \/>\n\t<meta name=\"twitter:data1\" content=\"7 minuts\" \/>\n<script type=\"application\/ld+json\" class=\"yoast-schema-graph\">{\"@context\":\"https:\/\/schema.org\",\"@graph\":[{\"@type\":\"WebPage\",\"@id\":\"https:\/\/caralticonesa.com\/ca\/politica-de-cookies\/\",\"url\":\"https:\/\/caralticonesa.com\/ca\/politica-de-cookies\/\",\"name\":\"Pol\u00edtica de cookies - Caralt i Conesa\",\"isPartOf\":{\"@id\":\"https:\/\/caralticonesa.com\/#website\"},\"datePublished\":\"2020-08-05T07:38:14+00:00\",\"dateModified\":\"2020-08-05T07:38:14+00:00\",\"breadcrumb\":{\"@id\":\"https:\/\/caralticonesa.com\/ca\/politica-de-cookies\/#breadcrumb\"},\"inLanguage\":\"ca\",\"potentialAction\":[{\"@type\":\"ReadAction\",\"target\":[\"https:\/\/caralticonesa.com\/ca\/politica-de-cookies\/\"]}]},{\"@type\":\"BreadcrumbList\",\"@id\":\"https:\/\/caralticonesa.com\/ca\/politica-de-cookies\/#breadcrumb\",\"itemListElement\":[{\"@type\":\"ListItem\",\"position\":1,\"name\":\"Portada\",\"item\":\"https:\/\/caralticonesa.com\/ca\/\"},{\"@type\":\"ListItem\",\"position\":2,\"name\":\"Pol\u00edtica de cookies\"}]},{\"@type\":\"WebSite\",\"@id\":\"https:\/\/caralticonesa.com\/#website\",\"url\":\"https:\/\/caralticonesa.com\/\",\"name\":\"Caralt i Conesa\",\"description\":\"Otro sitio realizado con WordPress\",\"potentialAction\":[{\"@type\":\"SearchAction\",\"target\":{\"@type\":\"EntryPoint\",\"urlTemplate\":\"https:\/\/caralticonesa.com\/?s={search_term_string}\"},\"query-input\":{\"@type\":\"PropertyValueSpecification\",\"valueRequired\":true,\"valueName\":\"search_term_string\"}}],\"inLanguage\":\"ca\"}]}<\/script>\n<!-- \/ Yoast SEO plugin. -->","yoast_head_json":{"title":"Pol\u00edtica de cookies - Caralt i Conesa","robots":{"index":"index","follow":"follow","max-snippet":"max-snippet:-1","max-image-preview":"max-image-preview:large","max-video-preview":"max-video-preview:-1"},"canonical":"https:\/\/caralticonesa.com\/ca\/politica-de-cookies\/","og_locale":"ca_ES","og_type":"article","og_title":"Pol\u00edtica de cookies - Caralt i Conesa","og_description":"POL\u00cdTICA DE COOKIES Al lloc web http:\/\/caralticonesa.com (en endavant, el lloc web) utilitzem cookies per facilitar la relaci\u00f3 dels visitants amb el nostre contingut i [&hellip;]","og_url":"https:\/\/caralticonesa.com\/ca\/politica-de-cookies\/","og_site_name":"Caralt i Conesa","twitter_card":"summary_large_image","twitter_misc":{"Temps estimat de lectura":"7 minuts"},"schema":{"@context":"https:\/\/schema.org","@graph":[{"@type":"WebPage","@id":"https:\/\/caralticonesa.com\/ca\/politica-de-cookies\/","url":"https:\/\/caralticonesa.com\/ca\/politica-de-cookies\/","name":"Pol\u00edtica de cookies - Caralt i Conesa","isPartOf":{"@id":"https:\/\/caralticonesa.com\/#website"},"datePublished":"2020-08-05T07:38:14+00:00","dateModified":"2020-08-05T07:38:14+00:00","breadcrumb":{"@id":"https:\/\/caralticonesa.com\/ca\/politica-de-cookies\/#breadcrumb"},"inLanguage":"ca","potentialAction":[{"@type":"ReadAction","target":["https:\/\/caralticonesa.com\/ca\/politica-de-cookies\/"]}]},{"@type":"BreadcrumbList","@id":"https:\/\/caralticonesa.com\/ca\/politica-de-cookies\/#breadcrumb","itemListElement":[{"@type":"ListItem","position":1,"name":"Portada","item":"https:\/\/caralticonesa.com\/ca\/"},{"@type":"ListItem","position":2,"name":"Pol\u00edtica de cookies"}]},{"@type":"WebSite","@id":"https:\/\/caralticonesa.com\/#website","url":"https:\/\/caralticonesa.com\/","name":"Caralt i Conesa","description":"Otro sitio realizado con WordPress","potentialAction":[{"@type":"SearchAction","target":{"@type":"EntryPoint","urlTemplate":"https:\/\/caralticonesa.com\/?s={search_term_string}"},"query-input":{"@type":"PropertyValueSpecification","valueRequired":true,"valueName":"search_term_string"}}],"inLanguage":"ca"}]}},"_links":{"self":[{"href":"https:\/\/caralticonesa.com\/ca\/wp-json\/wp\/v2\/pages\/1227"}],"collection":[{"href":"https:\/\/caralticonesa.com\/ca\/wp-json\/wp\/v2\/pages"}],"about":[{"href":"https:\/\/caralticonesa.com\/ca\/wp-json\/wp\/v2\/types\/page"}],"author":[{"embeddable":true,"href":"https:\/\/caralticonesa.com\/ca\/wp-json\/wp\/v2\/users\/1"}],"replies":[{"embeddable":true,"href":"https:\/\/caralticonesa.com\/ca\/wp-json\/wp\/v2\/comments?post=1227"}],"version-history":[{"count":0,"href":"https:\/\/caralticonesa.com\/ca\/wp-json\/wp\/v2\/pages\/1227\/revisions"}],"wp:attachment":[{"href":"https:\/\/caralticonesa.com\/ca\/wp-json\/wp\/v2\/media?parent=1227"}],"curies":[{"name":"wp","href":"https:\/\/api.w.org\/{rel}","templated":true}]}}