{"id":1142,"date":"2020-07-31T10:18:29","date_gmt":"2020-07-31T10:18:29","guid":{"rendered":"http:\/\/caralticonesa.com\/salut\/familiar-y-personal\/"},"modified":"2022-09-27T11:55:48","modified_gmt":"2022-09-27T11:55:48","slug":"familiar-i-personal","status":"publish","type":"page","link":"https:\/\/caralticonesa.com\/ca\/salut\/familiar-i-personal\/","title":{"rendered":"Asseguran\u00e7a m\u00e8dica"},"content":{"rendered":"<p>[vc_row][vc_column]\n\t\t\t<!-- START empleados 1 11 1 1 REVOLUTION SLIDER 6.1.3 --><p class=\"rs-p-wp-fix\"><\/p>\n\t\t\t<rs-module-wrap id=\"rev_slider_88_1_wrapper\" data-source=\"gallery\" style=\"background:transparent;padding:0;margin:0px auto;margin-top:0;margin-bottom:0;background-image:url(http:\/\/caralticonesa.com\/wp-content\/uploads\/2020\/03\/Intro-1-1.png);background-repeat:no-repeat;background-size:cover;background-position:center center;\">\n\t\t\t\t<rs-module id=\"rev_slider_88_1\" style=\"display:none;\" data-version=\"6.1.3\">\n\t\t\t\t\t<rs-slides>\n\t\t\t\t\t\t<rs-slide data-key=\"rs-92\" data-title=\"Slide\" data-anim=\"ei:d;eo:d;s:1000;r:0;t:fade;sl:0;\">\n\t\t\t\t\t\t\t<img loading=\"lazy\" decoding=\"async\" src=\"\/\/caralticonesa.com\/wp-content\/uploads\/2020\/06\/seguros-medicos.png\" title=\"seguros medicos\" width=\"1440\" height=\"229\" class=\"rev-slidebg\" data-no-retina>\n<!--\n\t\t\t\t\t\t\t--><rs-layer\n\t\t\t\t\t\t\t\tid=\"slider-88-slide-92-layer-0\" \n\t\t\t\t\t\t\t\tdata-type=\"text\"\n\t\t\t\t\t\t\t\tdata-color=\"#ffffff\"\n\t\t\t\t\t\t\t\tdata-rsp_ch=\"on\"\n\t\t\t\t\t\t\t\tdata-xy=\"x:c;y:c;\"\n\t\t\t\t\t\t\t\tdata-text=\"w:normal;s:45;l:55;\"\n\t\t\t\t\t\t\t\tdata-frame_999=\"o:0;st:w;\"\n\t\t\t\t\t\t\t\tstyle=\"z-index:5;font-family:Roboto;\"\n\t\t\t\t\t\t\t>SALUT PER FAMILIES \n\t\t\t\t\t\t\t<\/rs-layer><!--\n\n\t\t\t\t\t\t\t--><a\n\t\t\t\t\t\t\t\tid=\"slider-88-slide-92-layer-1\" \n\t\t\t\t\t\t\t\tclass=\"rs-layer\"\n\t\t\t\t\t\t\t\thref=\"tel:972336708\" target=\"_self\" rel=\"nofollow\"\n\t\t\t\t\t\t\t\tdata-type=\"image\"\n\t\t\t\t\t\t\t\tdata-rsp_ch=\"on\"\n\t\t\t\t\t\t\t\tdata-xy=\"x:r;y:c;\"\n\t\t\t\t\t\t\t\tdata-text=\"w:normal;\"\n\t\t\t\t\t\t\t\tdata-dim=\"w:40px;h:40px;\"\n\t\t\t\t\t\t\t\tdata-frame_999=\"o:0;st:w;\"\n\t\t\t\t\t\t\t\tstyle=\"z-index:6;font-family:Roboto;\"\n\t\t\t\t\t\t\t><img loading=\"lazy\" decoding=\"async\" src=\"\/\/caralticonesa.com\/wp-content\/uploads\/2020\/03\/Group-8.png\" width=\"40\" height=\"40\" data-no-retina> \n\t\t\t\t\t\t\t<\/a><!--\n-->\t\t\t\t\t\t<\/rs-slide>\n\t\t\t\t\t<\/rs-slides>\n\t\t\t\t\t<rs-progress class=\"rs-bottom\" style=\"visibility: hidden !important;\"><\/rs-progress>\n\t\t\t\t<\/rs-module>\n\t\t\t\t<script type=\"text\/javascript\">\n\t\t\t\t\tsetREVStartSize({c: 'rev_slider_88_1',rl:[1240,1024,778,480],el:[200],gw:[1240],gh:[200],layout:'fullwidth',mh:\"0\"});\n\t\t\t\t\tvar\trevapi88,\n\t\t\t\t\t\ttpj;\n\t\t\t\t\tjQuery(function() {\n\t\t\t\t\t\ttpj = jQuery;\n\t\t\t\t\t\tif(tpj(\"#rev_slider_88_1\").revolution == undefined){\n\t\t\t\t\t\t\trevslider_showDoubleJqueryError(\"#rev_slider_88_1\");\n\t\t\t\t\t\t}else{\n\t\t\t\t\t\t\trevapi88 = tpj(\"#rev_slider_88_1\").show().revolution({\n\t\t\t\t\t\t\t\tjsFileLocation:\"\/\/caralticonesa.com\/wp-content\/plugins\/revslider\/public\/assets\/js\/\",\n\t\t\t\t\t\t\t\tsliderLayout:\"fullwidth\",\n\t\t\t\t\t\t\t\tvisibilityLevels:\"1240,1024,778,480\",\n\t\t\t\t\t\t\t\tgridwidth:1240,\n\t\t\t\t\t\t\t\tgridheight:200,\n\t\t\t\t\t\t\t\tminHeight:\"\",\n\t\t\t\t\t\t\t\tspinner:\"spinner0\",\n\t\t\t\t\t\t\t\teditorheight:\"200,768,960,720\",\n\t\t\t\t\t\t\t\tresponsiveLevels:\"1240,1024,778,480\",\n\t\t\t\t\t\t\t\tdisableProgressBar:\"on\",\n\t\t\t\t\t\t\t\tnavigation: {\n\t\t\t\t\t\t\t\t\tonHoverStop:false\n\t\t\t\t\t\t\t\t},\n\t\t\t\t\t\t\t\tfallbacks: {\n\t\t\t\t\t\t\t\t\tallowHTML5AutoPlayOnAndroid:true\n\t\t\t\t\t\t\t\t},\n\t\t\t\t\t\t\t});\n\t\t\t\t\t\t}\n\t\t\t\t\t\t\n\t\t\t\t\t});\n\t\t\t\t<\/script>\n\t\t\t<\/rs-module-wrap>\n\t\t\t<!-- END REVOLUTION SLIDER -->\n[vc_empty_space height=&#8221;50px&#8221;][\/vc_column][\/vc_row][vc_row full_width=&#8221;stretch_row_content&#8221; equal_height=&#8221;yes&#8221; css=&#8221;.vc_custom_1585902987499{padding-right: 5% !important;padding-left: 5% !important;}&#8221;][vc_column width=&#8221;1\/3&#8243;][vc_single_image image=&#8221;383&#8243; img_size=&#8221;full&#8221;][\/vc_column][vc_column width=&#8221;2\/3&#8243; css=&#8221;.vc_custom_1585901377232{padding-right: 3% !important;}&#8221;][vc_column_text el_class=&#8221;intro-text&#8221;]El m\u00e9s preuat del que disposem ,la salut nostre i de la fam\u00edlia.Amb aquesta asseguran\u00e7a et posem al teu abast , un conjunt de companyies l\u00edders en el mercat que t ofereixen eines per cuidar els teus i agilitsar les proves i diagnostics.Podras utilitzar els serveis de urgencia privats , acudir directament a els especialistes sense pasar per el metge de cap\u00e7alera.No tindras que patir les llistes d&#8217;espera per una intervenci\u00f3 o prova diagnostica.<\/p>\n<p>Disposem de personal especialitzat en assegurances de salut , que t explican quina companyia s&#8217;adequa al que necesites , tenin en compte els teus metges de referencia per que no els perdis , fent atenci\u00f3 a les car\u00e8ncies , les preexistencies que ja puguis patir.[\/vc_column_text][vc_empty_space height=&#8221;50px&#8221;][vc_btn title=&#8221;Cotitza aqu\u00ed&#8221; style=&#8221;custom&#8221; custom_background=&#8221;#239846&#8243; custom_text=&#8221;#ffffff&#8221; align=&#8221;left&#8221; link=&#8221;|title:Contacto||&#8221; el_class=&#8221;botonverde cotitza&#8221;][\/vc_column][\/vc_row][vc_row full_width=&#8221;stretch_row&#8221; css=&#8221;.vc_custom_1585903095164{padding-right: 5% !important;padding-left: 5% !important;}&#8221;][vc_column][vc_empty_space][vc_column_text]<\/p>\n<h2 style=\"text-align: left;\">PREGUNTES FREQ\u00dcENTS<\/h2>\n<p>[\/vc_column_text][vc_empty_space][vc_tta_accordion style=&#8221;modern&#8221; shape=&#8221;square&#8221; color=&#8221;white&#8221; c_icon=&#8221;triangle&#8221; c_position=&#8221;right&#8221; active_section=&#8221;0&#8243;][vc_tta_section title=&#8221;COM ES CONTRACTA UNA ASSEGURAN\u00c7A M\u00c8DICA, QU\u00c8 PROVES, PREGUNTES I REQUISITS?&#8221; tab_id=&#8221;1596631654248-e1dac0bc-ba22&#8243;][vc_column_text]Per norma general, les companyies, fan passar un q\u00fcestionari m\u00e8dic al futur assegurat, on s&#8217;han de contestar diverses preguntes relacionades amb el nostre estat de salut actual i passada.[\/vc_column_text][\/vc_tta_section][vc_tta_section title=&#8221;DES DEL PRIMER DIA PUC UTILITZAR TOTS ELS SERVEIS?&#8221; tab_id=&#8221;1596631654286-33d0b9b8-b0ec&#8221;][vc_column_text]Si \u00e9s la primera vegada que estem assegurats en una asseguran\u00e7a de salut, des del primer dia, es pot utilitzar una gran varietat de serveis , per\u00f2 d \u2018 altres com, hospitalitzaci\u00f3, proves diagn\u00f2stiques per imatge, o part haurem d&#8217;esperar entre 6 i 10 mesos, depenent de company\u00edas.El nom que rep aquesta limitaci\u00f3 \u00e9s Carencia , el vostre corredor d&#8217;assegurances haur\u00e0 explicar-vos amb deteniment l&#8217;abast d&#8217;aquestes limitacions.[\/vc_column_text][\/vc_tta_section][vc_tta_section title=&#8221;QU\u00c8 S\u00d3N les preexist\u00e8ncies?&#8221; tab_id=&#8221;1596631685669-84fab19a-263a&#8221;][vc_column_text]S\u00f3n la patologies o dol\u00e8ncies cr\u00f2niques adquirides amb anterioritat a la contractaci\u00f3 de la p\u00f3liza.Por norma general, les companyies volen ser coneixedores d&#8217;aix\u00f2, a trav\u00e9s del q\u00fcestionari m\u00e8dic, i decidiran si donen cobertura a aix\u00f2 o no.[\/vc_column_text][\/vc_tta_section][vc_tta_section title=&#8221;COM CANVIAR DE COMPANYIA ?&#8221; tab_id=&#8221;1596631702727-df81d241-6ce9&#8243;][vc_column_text]Per canviar de companyia, com la majoria de contractes d&#8217;assegurances, s&#8217;ha d&#8217;informar fefaentment amb un m\u00ednim de 30 dies abans del &#8216;venciment de l&#8217;contracte.Es recomana abans d&#8217;informar la companyia de la intenci\u00f3 d&#8217;anul\u00b7lar el contracte , realitzar el q\u00fcestionari de salut amb la nova companyia per verificar que ens acceptessin sense cap preexistencia.Encara que el m\u00e9s important per canviar de companyia en una asseguran\u00e7a de salut \u00e9s valorar si les preexist\u00e8ncia que podem patir va ser acceptades per la nova asseguradora.[\/vc_column_text][\/vc_tta_section][vc_tta_section title=&#8221;QUE \u00c9S EL REEMBORSAMENT EN UNA P\u00d2LISSA DE SALUT&#8221; tab_id=&#8221;1596631720053-6d143509-d9fb&#8221;][vc_column_text]\u00c9s la soluci\u00f3 asseguradora que ofereix la cobertura de el 100% dels serveis prestats pels centres m\u00e8dics concertats amb la companyia, i (usualment) el 80% dels centres o metges que no estan dins de el quadre m\u00e8dic, l&#8217;assegurat l&#8217;\u00fanic que haur\u00e0 aportar a la companyia \u00e9s la factura dels serveis prestats, i est\u00e0 en un per\u00edode de dies abonar\u00e0 a l&#8217;assegurat el percentatge de l&#8217;80% o 90%.<\/p>\n<p>Sol ser un producte assegurador, amb un preu superior a l&#8217;de quadre m\u00e8dic.[\/vc_column_text][\/vc_tta_section][vc_tta_section title=&#8221;QUE \u00c9S UNA ASSEGURAN\u00c7A AMB COPAGAMENT&#8221; tab_id=&#8221;1596631735937-6707824e-caa4&#8243;][vc_column_text]Per ajustar el preu de l&#8217;asseguran\u00e7a de salut, podem utilitzar aquesta opci\u00f3 que \u00e9s, que en cada prestaci\u00f3 de servei, l&#8217;assegurat participa amb una petita quantitat de el cost, el qual l&#8217;asseguradora facturar\u00e0 al assegurat .Solen estar limitats a un m\u00e0xim de copagaments per any i persona, i l&#8217;estalvi que es pot obtenir utilitzant aquest tipus de p\u00f2lissa \u00e9s de m\u00e9s de l&#8217;65% respecte una p\u00f2lissa est\u00e0ndard.[\/vc_column_text][\/vc_tta_section][\/vc_tta_accordion][\/vc_column][\/vc_row][vc_row full_width=&#8221;stretch_row&#8221; css=&#8221;.vc_custom_1592924434555{padding-right: 5% !important;padding-left: 5% !important;}&#8221;][vc_column][vc_empty_space height=&#8221;60px&#8221;][\/vc_column][\/vc_row][vc_row css=&#8221;.vc_custom_1585903024381{padding-right: 5% !important;padding-left: 5% !important;}&#8221;][vc_column][vc_column_text]<\/p>\n<h2 style=\"text-align: center;\">Necessites una altra asseguran\u00e7a?<\/h2>\n<p style=\"text-align: center;\">Cobrim tots els riscos que puguis tenir<\/p>\n<p>[\/vc_column_text][vc_empty_space height=&#8221;50px&#8221;][vc_btn title=&#8221;ASSEGURANCES DE PARTICULARS&#8221; align=&#8221;center&#8221; link=&#8221;url:http%3A%2F%2Fcaralticonesa.com%2Fca%2Fassegurances-particulars%2F|title:Particulars||&#8221;][vc_empty_space height=&#8221;50px&#8221;][\/vc_column][\/vc_row]<\/p>\n","protected":false},"excerpt":{"rendered":"<p>[vc_row][vc_column][vc_empty_space height=&#8221;50px&#8221;][\/vc_column][\/vc_row][vc_row full_width=&#8221;stretch_row_content&#8221; equal_height=&#8221;yes&#8221; css=&#8221;.vc_custom_1585902987499{padding-right: 5% !important;padding-left: 5% !important;}&#8221;][vc_column width=&#8221;1\/3&#8243;][vc_single_image image=&#8221;383&#8243; img_size=&#8221;full&#8221;][\/vc_column][vc_column width=&#8221;2\/3&#8243; css=&#8221;.vc_custom_1585901377232{padding-right: 3% !important;}&#8221;][vc_column_text el_class=&#8221;intro-text&#8221;]El m\u00e9s preuat del que disposem ,la salut nostre [&hellip;]<\/p>\n","protected":false},"author":1,"featured_media":487,"parent":556,"menu_order":0,"comment_status":"closed","ping_status":"closed","template":"","meta":{"footnotes":""},"class_list":["post-1142","page","type-page","status-publish","has-post-thumbnail","hentry"],"yoast_head":"<!-- This site is optimized with the Yoast SEO plugin v24.1 - https:\/\/yoast.com\/wordpress\/plugins\/seo\/ -->\n<title>Asseguran\u00e7a m\u00e8dica - Caralt i Conesa<\/title>\n<meta name=\"robots\" content=\"index, follow, max-snippet:-1, max-image-preview:large, max-video-preview:-1\" \/>\n<link rel=\"canonical\" href=\"https:\/\/caralticonesa.com\/ca\/salut\/familiar-i-personal\/\" \/>\n<meta property=\"og:locale\" content=\"ca_ES\" \/>\n<meta property=\"og:type\" content=\"article\" \/>\n<meta property=\"og:title\" content=\"Asseguran\u00e7a m\u00e8dica - Caralt i Conesa\" \/>\n<meta property=\"og:description\" content=\"[vc_row][vc_column][vc_empty_space height=&#8221;50px&#8221;][\/vc_column][\/vc_row][vc_row full_width=&#8221;stretch_row_content&#8221; equal_height=&#8221;yes&#8221; css=&#8221;.vc_custom_1585902987499{padding-right: 5% !important;padding-left: 5% !important;}&#8221;][vc_column width=&#8221;1\/3&#8243;][vc_single_image image=&#8221;383&#8243; img_size=&#8221;full&#8221;][\/vc_column][vc_column width=&#8221;2\/3&#8243; css=&#8221;.vc_custom_1585901377232{padding-right: 3% !important;}&#8221;][vc_column_text el_class=&#8221;intro-text&#8221;]El m\u00e9s preuat del que disposem ,la salut nostre [&hellip;]\" \/>\n<meta property=\"og:url\" content=\"https:\/\/caralticonesa.com\/ca\/salut\/familiar-i-personal\/\" \/>\n<meta property=\"og:site_name\" content=\"Caralt i Conesa\" \/>\n<meta property=\"article:modified_time\" content=\"2022-09-27T11:55:48+00:00\" \/>\n<meta property=\"og:image\" content=\"https:\/\/caralticonesa.com\/wp-content\/uploads\/2020\/03\/Group-8.png\" \/>\n\t<meta property=\"og:image:width\" content=\"40\" \/>\n\t<meta property=\"og:image:height\" content=\"40\" \/>\n\t<meta property=\"og:image:type\" content=\"image\/png\" \/>\n<meta name=\"twitter:card\" content=\"summary_large_image\" \/>\n<meta name=\"twitter:label1\" content=\"Temps estimat de lectura\" \/>\n\t<meta name=\"twitter:data1\" content=\"5 minuts\" \/>\n<script type=\"application\/ld+json\" class=\"yoast-schema-graph\">{\"@context\":\"https:\/\/schema.org\",\"@graph\":[{\"@type\":\"WebPage\",\"@id\":\"https:\/\/caralticonesa.com\/ca\/salut\/familiar-i-personal\/\",\"url\":\"https:\/\/caralticonesa.com\/ca\/salut\/familiar-i-personal\/\",\"name\":\"Asseguran\u00e7a m\u00e8dica - Caralt i Conesa\",\"isPartOf\":{\"@id\":\"https:\/\/caralticonesa.com\/#website\"},\"primaryImageOfPage\":{\"@id\":\"https:\/\/caralticonesa.com\/ca\/salut\/familiar-i-personal\/#primaryimage\"},\"image\":{\"@id\":\"https:\/\/caralticonesa.com\/ca\/salut\/familiar-i-personal\/#primaryimage\"},\"thumbnailUrl\":\"https:\/\/caralticonesa.com\/wp-content\/uploads\/2020\/03\/Group-8.png\",\"datePublished\":\"2020-07-31T10:18:29+00:00\",\"dateModified\":\"2022-09-27T11:55:48+00:00\",\"breadcrumb\":{\"@id\":\"https:\/\/caralticonesa.com\/ca\/salut\/familiar-i-personal\/#breadcrumb\"},\"inLanguage\":\"ca\",\"potentialAction\":[{\"@type\":\"ReadAction\",\"target\":[\"https:\/\/caralticonesa.com\/ca\/salut\/familiar-i-personal\/\"]}]},{\"@type\":\"ImageObject\",\"inLanguage\":\"ca\",\"@id\":\"https:\/\/caralticonesa.com\/ca\/salut\/familiar-i-personal\/#primaryimage\",\"url\":\"https:\/\/caralticonesa.com\/wp-content\/uploads\/2020\/03\/Group-8.png\",\"contentUrl\":\"https:\/\/caralticonesa.com\/wp-content\/uploads\/2020\/03\/Group-8.png\",\"width\":40,\"height\":40},{\"@type\":\"BreadcrumbList\",\"@id\":\"https:\/\/caralticonesa.com\/ca\/salut\/familiar-i-personal\/#breadcrumb\",\"itemListElement\":[{\"@type\":\"ListItem\",\"position\":1,\"name\":\"Portada\",\"item\":\"https:\/\/caralticonesa.com\/ca\/\"},{\"@type\":\"ListItem\",\"position\":2,\"name\":\"Salut\",\"item\":\"https:\/\/caralticonesa.com\/ca\/salut\/\"},{\"@type\":\"ListItem\",\"position\":3,\"name\":\"Asseguran\u00e7a m\u00e8dica\"}]},{\"@type\":\"WebSite\",\"@id\":\"https:\/\/caralticonesa.com\/#website\",\"url\":\"https:\/\/caralticonesa.com\/\",\"name\":\"Caralt i Conesa\",\"description\":\"Otro sitio realizado con WordPress\",\"potentialAction\":[{\"@type\":\"SearchAction\",\"target\":{\"@type\":\"EntryPoint\",\"urlTemplate\":\"https:\/\/caralticonesa.com\/?s={search_term_string}\"},\"query-input\":{\"@type\":\"PropertyValueSpecification\",\"valueRequired\":true,\"valueName\":\"search_term_string\"}}],\"inLanguage\":\"ca\"}]}<\/script>\n<!-- \/ Yoast SEO plugin. -->","yoast_head_json":{"title":"Asseguran\u00e7a m\u00e8dica - Caralt i Conesa","robots":{"index":"index","follow":"follow","max-snippet":"max-snippet:-1","max-image-preview":"max-image-preview:large","max-video-preview":"max-video-preview:-1"},"canonical":"https:\/\/caralticonesa.com\/ca\/salut\/familiar-i-personal\/","og_locale":"ca_ES","og_type":"article","og_title":"Asseguran\u00e7a m\u00e8dica - Caralt i Conesa","og_description":"[vc_row][vc_column][vc_empty_space height=&#8221;50px&#8221;][\/vc_column][\/vc_row][vc_row full_width=&#8221;stretch_row_content&#8221; equal_height=&#8221;yes&#8221; css=&#8221;.vc_custom_1585902987499{padding-right: 5% !important;padding-left: 5% !important;}&#8221;][vc_column width=&#8221;1\/3&#8243;][vc_single_image image=&#8221;383&#8243; img_size=&#8221;full&#8221;][\/vc_column][vc_column width=&#8221;2\/3&#8243; css=&#8221;.vc_custom_1585901377232{padding-right: 3% !important;}&#8221;][vc_column_text el_class=&#8221;intro-text&#8221;]El m\u00e9s preuat del que disposem ,la salut nostre [&hellip;]","og_url":"https:\/\/caralticonesa.com\/ca\/salut\/familiar-i-personal\/","og_site_name":"Caralt i Conesa","article_modified_time":"2022-09-27T11:55:48+00:00","og_image":[{"width":40,"height":40,"url":"https:\/\/caralticonesa.com\/wp-content\/uploads\/2020\/03\/Group-8.png","type":"image\/png"}],"twitter_card":"summary_large_image","twitter_misc":{"Temps estimat de lectura":"5 minuts"},"schema":{"@context":"https:\/\/schema.org","@graph":[{"@type":"WebPage","@id":"https:\/\/caralticonesa.com\/ca\/salut\/familiar-i-personal\/","url":"https:\/\/caralticonesa.com\/ca\/salut\/familiar-i-personal\/","name":"Asseguran\u00e7a m\u00e8dica - Caralt i Conesa","isPartOf":{"@id":"https:\/\/caralticonesa.com\/#website"},"primaryImageOfPage":{"@id":"https:\/\/caralticonesa.com\/ca\/salut\/familiar-i-personal\/#primaryimage"},"image":{"@id":"https:\/\/caralticonesa.com\/ca\/salut\/familiar-i-personal\/#primaryimage"},"thumbnailUrl":"https:\/\/caralticonesa.com\/wp-content\/uploads\/2020\/03\/Group-8.png","datePublished":"2020-07-31T10:18:29+00:00","dateModified":"2022-09-27T11:55:48+00:00","breadcrumb":{"@id":"https:\/\/caralticonesa.com\/ca\/salut\/familiar-i-personal\/#breadcrumb"},"inLanguage":"ca","potentialAction":[{"@type":"ReadAction","target":["https:\/\/caralticonesa.com\/ca\/salut\/familiar-i-personal\/"]}]},{"@type":"ImageObject","inLanguage":"ca","@id":"https:\/\/caralticonesa.com\/ca\/salut\/familiar-i-personal\/#primaryimage","url":"https:\/\/caralticonesa.com\/wp-content\/uploads\/2020\/03\/Group-8.png","contentUrl":"https:\/\/caralticonesa.com\/wp-content\/uploads\/2020\/03\/Group-8.png","width":40,"height":40},{"@type":"BreadcrumbList","@id":"https:\/\/caralticonesa.com\/ca\/salut\/familiar-i-personal\/#breadcrumb","itemListElement":[{"@type":"ListItem","position":1,"name":"Portada","item":"https:\/\/caralticonesa.com\/ca\/"},{"@type":"ListItem","position":2,"name":"Salut","item":"https:\/\/caralticonesa.com\/ca\/salut\/"},{"@type":"ListItem","position":3,"name":"Asseguran\u00e7a m\u00e8dica"}]},{"@type":"WebSite","@id":"https:\/\/caralticonesa.com\/#website","url":"https:\/\/caralticonesa.com\/","name":"Caralt i Conesa","description":"Otro sitio realizado con WordPress","potentialAction":[{"@type":"SearchAction","target":{"@type":"EntryPoint","urlTemplate":"https:\/\/caralticonesa.com\/?s={search_term_string}"},"query-input":{"@type":"PropertyValueSpecification","valueRequired":true,"valueName":"search_term_string"}}],"inLanguage":"ca"}]}},"_links":{"self":[{"href":"https:\/\/caralticonesa.com\/ca\/wp-json\/wp\/v2\/pages\/1142"}],"collection":[{"href":"https:\/\/caralticonesa.com\/ca\/wp-json\/wp\/v2\/pages"}],"about":[{"href":"https:\/\/caralticonesa.com\/ca\/wp-json\/wp\/v2\/types\/page"}],"author":[{"embeddable":true,"href":"https:\/\/caralticonesa.com\/ca\/wp-json\/wp\/v2\/users\/1"}],"replies":[{"embeddable":true,"href":"https:\/\/caralticonesa.com\/ca\/wp-json\/wp\/v2\/comments?post=1142"}],"version-history":[{"count":0,"href":"https:\/\/caralticonesa.com\/ca\/wp-json\/wp\/v2\/pages\/1142\/revisions"}],"up":[{"embeddable":true,"href":"https:\/\/caralticonesa.com\/ca\/wp-json\/wp\/v2\/pages\/556"}],"wp:featuredmedia":[{"embeddable":true,"href":"https:\/\/caralticonesa.com\/ca\/wp-json\/wp\/v2\/media\/487"}],"wp:attachment":[{"href":"https:\/\/caralticonesa.com\/ca\/wp-json\/wp\/v2\/media?parent=1142"}],"curies":[{"name":"wp","href":"https:\/\/api.w.org\/{rel}","templated":true}]}}